{"id":12348,"date":"2024-06-11T13:06:46","date_gmt":"2024-06-11T11:06:46","guid":{"rendered":"https:\/\/ambar.publitesa.es\/politica-de-privacidad\/"},"modified":"2025-04-16T12:27:30","modified_gmt":"2025-04-16T10:27:30","slug":"ppt","status":"publish","type":"page","link":"https:\/\/ambarimmobiliaria.com\/es\/ppt\/","title":{"rendered":"Pol\u00edtica de privacidad"},"content":{"rendered":"\t\t<div data-elementor-type=\"wp-page\" data-elementor-id=\"12348\" class=\"elementor elementor-12348 elementor-11818\" data-elementor-post-type=\"page\">\n\t\t\t\t<div class=\"elementor-element elementor-element-710c44c e-con-full parallax_section_holder e-flex qode_elementor_container_no e-con e-parent\" data-id=\"710c44c\" data-element_type=\"container\" data-settings=\"{&quot;background_background&quot;:&quot;classic&quot;,&quot;qode_parallax_image&quot;:{&quot;url&quot;:&quot;&quot;,&quot;id&quot;:&quot;&quot;,&quot;size&quot;:&quot;&quot;,&quot;alt&quot;:&quot;j&quot;,&quot;source&quot;:&quot;library&quot;}}\">\n\t\t<div class=\"elementor-element elementor-element-1cf2b73 e-con-full e-flex parallax_section_no qode_elementor_container_no e-con e-child\" data-id=\"1cf2b73\" data-element_type=\"container\">\n\t\t\t\t<div class=\"elementor-element elementor-element-a3bdcd5 elementor-widget elementor-widget-heading\" data-id=\"a3bdcd5\" data-element_type=\"widget\" data-widget_type=\"heading.default\">\n\t\t\t\t<div class=\"elementor-widget-container\">\n\t\t\t<style>\/*! elementor - v3.22.0 - 17-06-2024 *\/\n.elementor-heading-title{padding:0;margin:0;line-height:1}.elementor-widget-heading .elementor-heading-title[class*=elementor-size-]>a{color:inherit;font-size:inherit;line-height:inherit}.elementor-widget-heading .elementor-heading-title.elementor-size-small{font-size:15px}.elementor-widget-heading .elementor-heading-title.elementor-size-medium{font-size:19px}.elementor-widget-heading .elementor-heading-title.elementor-size-large{font-size:29px}.elementor-widget-heading .elementor-heading-title.elementor-size-xl{font-size:39px}.elementor-widget-heading .elementor-heading-title.elementor-size-xxl{font-size:59px}<\/style><h2 class=\"elementor-heading-title elementor-size-default\">Pol\u00edtica de privacidad<\/h2>\t\t<\/div>\n\t\t\t\t<\/div>\n\t\t\t\t<\/div>\n\t\t\t\t<\/div>\n\t\t<div class=\"elementor-element elementor-element-9e54cd6 e-con-full qode_elementor_container_inner e-flex parallax_section_no e-con e-parent\" data-id=\"9e54cd6\" data-element_type=\"container\">\n\t\t<div class=\"elementor-element elementor-element-23af04a e-con-full e-flex parallax_section_no qode_elementor_container_no e-con e-child\" data-id=\"23af04a\" data-element_type=\"container\">\n\t\t\t\t<div class=\"elementor-element elementor-element-31ec6cd elementor-widget elementor-widget-text-editor\" data-id=\"31ec6cd\" data-element_type=\"widget\" data-widget_type=\"text-editor.default\">\n\t\t\t\t<div class=\"elementor-widget-container\">\n\t\t\t<style>\/*! elementor - v3.22.0 - 17-06-2024 *\/\n.elementor-widget-text-editor.elementor-drop-cap-view-stacked .elementor-drop-cap{background-color:#69727d;color:#fff}.elementor-widget-text-editor.elementor-drop-cap-view-framed .elementor-drop-cap{color:#69727d;border:3px solid;background-color:transparent}.elementor-widget-text-editor:not(.elementor-drop-cap-view-default) .elementor-drop-cap{margin-top:8px}.elementor-widget-text-editor:not(.elementor-drop-cap-view-default) .elementor-drop-cap-letter{width:1em;height:1em}.elementor-widget-text-editor .elementor-drop-cap{float:left;text-align:center;line-height:1;font-size:50px}.elementor-widget-text-editor .elementor-drop-cap-letter{display:inline-block}<\/style>\t\t\t\t<p><strong>INFORMACI\u00d3N B\u00c1SICA SOBRE PROTECCI\u00d3N DE DATOS<\/strong><\/p>\n<\/p>\n<p><strong>Responsable del tratamiento<\/strong><\/p>\n<p>AMBAR IMMOBILIARIA 2014, S.L.U., en adelante, AMBAR IMMOBILIARIA<\/p>\n<\/p>\n<p><strong>Finalidad<\/strong><\/p>\n<p>\u2013 Prestaci\u00f3n del servicio contratado<br \/>\u2013 Responder a preguntas planteadas a trav\u00e9s del formulario de contacto de la web<br \/>\u2013 Tratamiento con finalidades comerciales, env\u00edo de ofertas, informaci\u00f3n y propuestas comerciales.<\/p>\n<\/p>\n<p><strong>Legitimaci\u00f3n<\/strong><\/p>\n<p>Consentimiento del interesado, a excepci\u00f3n de determinados supuestos en los que exista inter\u00e9s leg\u00edtimo<\/p>\n<\/p>\n<p><strong>Destinatarios<\/strong><\/p>\n<p>Sus datos ser\u00e1n tratados exclusivamente por AMBAR IMMOBILIARIA, a excepci\u00f3n de aquellos casos en los que la comunicaci\u00f3n de sus datos a terceros sea necesaria para poder cumplimentar el fin directamente relacionado con el servicio contratado.<\/p>\n<\/p>\n<p><strong>Conservaci\u00f3n de los datos<\/strong><\/p>\n<p>Hasta la finalizaci\u00f3n del servicio o exista obligaci\u00f3n legal<\/p>\n<\/p>\n<p><strong>Derechos<\/strong><\/p>\n<p>Acceder, rectificar y suprimir los datos, as\u00ed como otros derechos, como se explica en la informaci\u00f3n adicional.<\/p>\n<p>Presentar una reclamaci\u00f3n ante Autoridad de Control (www.agpd.es).<\/p>\n\t\t\t\t\t\t<\/div>\n\t\t\t\t<\/div>\n\t\t\t\t<div class=\"elementor-element elementor-element-dc623b2 elementor-widget elementor-widget-text-editor\" data-id=\"dc623b2\" data-element_type=\"widget\" data-widget_type=\"text-editor.default\">\n\t\t\t\t<div class=\"elementor-widget-container\">\n\t\t\t\t\t\t\t<p><strong>INFORMACI\u00d3N ADICIONAL SOBRE PROTECCI\u00d3N DE DATOS<br \/><\/strong><br \/><strong>\u00bfQui\u00e9n es el responsable de tratamiento de tus datos?<\/strong><\/p>\n<p>Identidad: AMBAR IMMOBILIARIA 2014, S.L.U., en endavante, AMBAR IMMOBILIARIA.<\/p>\n<p>AMBAR IMMOBILIARIA 2014, S.L.U.:<br \/>NIF\/CIF: B-58.337.197<br \/>Inscrita en el Registro Mercantil de Barcelona, \u200b\u200b Volumen 40.294, Folio 202, hoja 69722, Inscripci\u00f3n 28.<\/p>\n<p>Domicilio social: C. Major, 30 Bis, 08221 Terrassa (Barcelona).<\/p>\n<p>Tel\u00e9fono: 93 733 64 00<\/p>\n<p>Correo electr\u00f3nico: protecciodedades@ambarimmobiliaria.com<\/p>\n<\/p>\n<p><strong>\u00bfCon que finalidad tratamos sus datos?<\/strong><\/p>\n<p>Prestaci\u00f3n del servicio contractado<br \/>Responder a preguntas planteadas a trav\u00e9s del formulario de contacto de la web<br \/>Env\u00edo de comunicaciones comerciales y promocionales.<\/p>\n<\/p>\n<p><strong>\u00bfCu\u00e1l es la legitimaci\u00f3n del tratamiento de sus datos?<\/strong><\/p>\n<p>Relaci\u00f3n contractual entre AMBAR IMMOBILIARIA y el usuario en el momento de la ejecuci\u00f3n del servicio contratado, basada en el inter\u00e9s leg\u00edtimo.<br \/>Su consentimiento libre, espec\u00edfico, informado, inequ\u00edvoco.<\/p>\n<\/p>\n<p><strong>\u00bfA qu\u00e9 destinatarios comunicamos sus datos?<\/strong><\/p>\n<p>Sus datos ser\u00e1n tratados exclusivamente por AMBAR IMMOBILIARIA con la siguiente excepci\u00f3n: los datos que nos proporcione podr\u00e1n ser comunicados a terceras entidades para el cumplimiento de fines directamente relacionados con el servicio contratado arriba indicados entre AMBAR IMMOBILIARIA y el cedente de los datos, como a las entidades u organismos a los que exista obligaci\u00f3n legal. No se producir\u00e1n transferencias a terceros pa\u00edses fuera de la Uni\u00f3n Europea sin que medie su consentimiento.<\/p>\n<\/p>\n<p><strong>\u00bfCu\u00e1nto tiempo conservamos sus datos personales?<\/strong><\/p>\n<p>Los datos personales que nos facilite se conservar\u00e1n mientras haya un inter\u00e9s mutuo para mantener la finalidad del tratamiento, o cuando sea necesario conservarlas por raz\u00f3n de obligaciones legales. Cuando la conservaci\u00f3n ya no sea necesaria, se suprimir\u00e1n con las medidas de Seguridad adecuadas para garantizar la seudonimizaci\u00f3n de los datos o su destrucci\u00f3n total.<\/p>\n<\/p>\n<p><strong>\u00bfCu\u00e1les son sus derechos cuando nos facilita sus datos personales?<\/strong><\/p>\n<p>Derecho a retirar el consentimiento en cualquier momento;<br \/>Derecho a acceder, rectificar y suprimir los datos;<br \/>Derecho de limitaci\u00f3n del uso u oposici\u00f3n del tratamiento de datos;<br \/>Derecho a presentar una reclamaci\u00f3n ante la Autoridad de Control (agpd.es), si considera que el tratamiento no se ajusta a la normativa vigente.<br \/>Descargue todos los modelos de ejercicio de derechos aqu\u00ed.<\/p>\n<p>Datos de contacto para ejercer sus derechos:<br \/>C. Major, 30 Bis, 08221 Terrassa (Barcelona).<\/p>\n\t\t\t\t\t\t<\/div>\n\t\t\t\t<\/div>\n\t\t\t\t<\/div>\n\t\t\t\t<\/div>\n\t\t\t\t<\/div>\n\t\t","protected":false},"excerpt":{"rendered":"<p>Pol\u00edtica de privacidad INFORMACI\u00d3N B\u00c1SICA SOBRE PROTECCI\u00d3N DE DATOS Responsable del tratamiento AMBAR IMMOBILIARIA 2014, S.L.U., en adelante, AMBAR IMMOBILIARIA Finalidad \u2013 Prestaci\u00f3n del servicio contratado\u2013 Responder a preguntas planteadas a trav\u00e9s del formulario de contacto de la web\u2013 Tratamiento con finalidades comerciales, env\u00edo de&#8230;<\/p>\n","protected":false},"author":2,"featured_media":0,"parent":0,"menu_order":0,"comment_status":"closed","ping_status":"closed","template":"full_width.php","meta":{"_joinchat":[],"footnotes":""},"yoast_head":"<!-- This site is optimized with the Yoast SEO plugin v22.9 - https:\/\/yoast.com\/wordpress\/plugins\/seo\/ -->\n<title>Pol\u00edtica de privacidad &#8212; Ambar Grup Immobiliari<\/title>\n<meta name=\"robots\" content=\"noindex, nofollow\" \/>\n<meta property=\"og:locale\" content=\"es_ES\" \/>\n<meta property=\"og:type\" content=\"article\" \/>\n<meta property=\"og:title\" content=\"Pol\u00edtica de privacidad &#8212; Ambar Grup Immobiliari\" \/>\n<meta property=\"og:description\" content=\"Pol\u00edtica de privacidad INFORMACI\u00d3N B\u00c1SICA SOBRE PROTECCI\u00d3N DE DATOS Responsable del tratamiento AMBAR IMMOBILIARIA 2014, S.L.U., en adelante, AMBAR IMMOBILIARIA Finalidad \u2013 Prestaci\u00f3n del servicio contratado\u2013 Responder a preguntas planteadas a trav\u00e9s del formulario de contacto de la web\u2013 Tratamiento con finalidades comerciales, env\u00edo de...\" \/>\n<meta property=\"og:url\" content=\"https:\/\/ambarimmobiliaria.com\/es\/ppt\/\" \/>\n<meta property=\"og:site_name\" content=\"Ambar Grup Immobiliari\" \/>\n<meta property=\"article:modified_time\" content=\"2025-04-16T10:27:30+00:00\" \/>\n<meta property=\"og:image\" content=\"https:\/\/ambarimmobiliaria.com\/wp-content\/uploads\/2024\/06\/ambar-immobiliaria-terrassa-se1.jpg\" \/>\n\t<meta property=\"og:image:width\" content=\"1200\" \/>\n\t<meta property=\"og:image:height\" content=\"675\" \/>\n\t<meta property=\"og:image:type\" content=\"image\/jpeg\" \/>\n<meta name=\"twitter:card\" content=\"summary_large_image\" \/>\n<meta name=\"twitter:label1\" content=\"Tiempo de lectura\" \/>\n\t<meta name=\"twitter:data1\" content=\"3 minutos\" \/>\n<script type=\"application\/ld+json\" class=\"yoast-schema-graph\">{\"@context\":\"https:\/\/schema.org\",\"@graph\":[{\"@type\":\"WebPage\",\"@id\":\"https:\/\/ambarimmobiliaria.com\/es\/ppt\/\",\"url\":\"https:\/\/ambarimmobiliaria.com\/es\/ppt\/\",\"name\":\"Pol\u00edtica de privacidad &#8212; Ambar Grup Immobiliari\",\"isPartOf\":{\"@id\":\"https:\/\/ambarimmobiliaria.com\/#website\"},\"datePublished\":\"2024-06-11T11:06:46+00:00\",\"dateModified\":\"2025-04-16T10:27:30+00:00\",\"breadcrumb\":{\"@id\":\"https:\/\/ambarimmobiliaria.com\/es\/ppt\/#breadcrumb\"},\"inLanguage\":\"es\",\"potentialAction\":[{\"@type\":\"ReadAction\",\"target\":[\"https:\/\/ambarimmobiliaria.com\/es\/ppt\/\"]}]},{\"@type\":\"BreadcrumbList\",\"@id\":\"https:\/\/ambarimmobiliaria.com\/es\/ppt\/#breadcrumb\",\"itemListElement\":[{\"@type\":\"ListItem\",\"position\":1,\"name\":\"Inici\",\"item\":\"https:\/\/ambarimmobiliaria.com\/es\/\"},{\"@type\":\"ListItem\",\"position\":2,\"name\":\"Pol\u00edtica de privacidad\"}]},{\"@type\":\"WebSite\",\"@id\":\"https:\/\/ambarimmobiliaria.com\/#website\",\"url\":\"https:\/\/ambarimmobiliaria.com\/\",\"name\":\"Ambar Grup Immobiliari\",\"description\":\"\",\"publisher\":{\"@id\":\"https:\/\/ambarimmobiliaria.com\/#organization\"},\"potentialAction\":[{\"@type\":\"SearchAction\",\"target\":{\"@type\":\"EntryPoint\",\"urlTemplate\":\"https:\/\/ambarimmobiliaria.com\/?s={search_term_string}\"},\"query-input\":\"required name=search_term_string\"}],\"inLanguage\":\"es\"},{\"@type\":\"Organization\",\"@id\":\"https:\/\/ambarimmobiliaria.com\/#organization\",\"name\":\"Ambar Grup Immobiliari\",\"url\":\"https:\/\/ambarimmobiliaria.com\/\",\"logo\":{\"@type\":\"ImageObject\",\"inLanguage\":\"es\",\"@id\":\"https:\/\/ambarimmobiliaria.com\/#\/schema\/logo\/image\/\",\"url\":\"https:\/\/ambarimmobiliaria.com\/wp-content\/uploads\/2024\/04\/logo-ambar-immobiliaria-1.png\",\"contentUrl\":\"https:\/\/ambarimmobiliaria.com\/wp-content\/uploads\/2024\/04\/logo-ambar-immobiliaria-1.png\",\"width\":366,\"height\":128,\"caption\":\"Ambar Grup Immobiliari\"},\"image\":{\"@id\":\"https:\/\/ambarimmobiliaria.com\/#\/schema\/logo\/image\/\"}}]}<\/script>\n<!-- \/ Yoast SEO plugin. -->","yoast_head_json":{"title":"Pol\u00edtica de privacidad &#8212; Ambar Grup Immobiliari","robots":{"index":"noindex","follow":"nofollow"},"og_locale":"es_ES","og_type":"article","og_title":"Pol\u00edtica de privacidad &#8212; Ambar Grup Immobiliari","og_description":"Pol\u00edtica de privacidad INFORMACI\u00d3N B\u00c1SICA SOBRE PROTECCI\u00d3N DE DATOS Responsable del tratamiento AMBAR IMMOBILIARIA 2014, S.L.U., en adelante, AMBAR IMMOBILIARIA Finalidad \u2013 Prestaci\u00f3n del servicio contratado\u2013 Responder a preguntas planteadas a trav\u00e9s del formulario de contacto de la web\u2013 Tratamiento con finalidades comerciales, env\u00edo de...","og_url":"https:\/\/ambarimmobiliaria.com\/es\/ppt\/","og_site_name":"Ambar Grup Immobiliari","article_modified_time":"2025-04-16T10:27:30+00:00","og_image":[{"width":1200,"height":675,"url":"https:\/\/ambarimmobiliaria.com\/wp-content\/uploads\/2024\/06\/ambar-immobiliaria-terrassa-se1.jpg","type":"image\/jpeg"}],"twitter_card":"summary_large_image","twitter_misc":{"Tiempo de lectura":"3 minutos"},"schema":{"@context":"https:\/\/schema.org","@graph":[{"@type":"WebPage","@id":"https:\/\/ambarimmobiliaria.com\/es\/ppt\/","url":"https:\/\/ambarimmobiliaria.com\/es\/ppt\/","name":"Pol\u00edtica de privacidad &#8212; Ambar Grup Immobiliari","isPartOf":{"@id":"https:\/\/ambarimmobiliaria.com\/#website"},"datePublished":"2024-06-11T11:06:46+00:00","dateModified":"2025-04-16T10:27:30+00:00","breadcrumb":{"@id":"https:\/\/ambarimmobiliaria.com\/es\/ppt\/#breadcrumb"},"inLanguage":"es","potentialAction":[{"@type":"ReadAction","target":["https:\/\/ambarimmobiliaria.com\/es\/ppt\/"]}]},{"@type":"BreadcrumbList","@id":"https:\/\/ambarimmobiliaria.com\/es\/ppt\/#breadcrumb","itemListElement":[{"@type":"ListItem","position":1,"name":"Inici","item":"https:\/\/ambarimmobiliaria.com\/es\/"},{"@type":"ListItem","position":2,"name":"Pol\u00edtica de privacidad"}]},{"@type":"WebSite","@id":"https:\/\/ambarimmobiliaria.com\/#website","url":"https:\/\/ambarimmobiliaria.com\/","name":"Ambar Grup Immobiliari","description":"","publisher":{"@id":"https:\/\/ambarimmobiliaria.com\/#organization"},"potentialAction":[{"@type":"SearchAction","target":{"@type":"EntryPoint","urlTemplate":"https:\/\/ambarimmobiliaria.com\/?s={search_term_string}"},"query-input":"required name=search_term_string"}],"inLanguage":"es"},{"@type":"Organization","@id":"https:\/\/ambarimmobiliaria.com\/#organization","name":"Ambar Grup Immobiliari","url":"https:\/\/ambarimmobiliaria.com\/","logo":{"@type":"ImageObject","inLanguage":"es","@id":"https:\/\/ambarimmobiliaria.com\/#\/schema\/logo\/image\/","url":"https:\/\/ambarimmobiliaria.com\/wp-content\/uploads\/2024\/04\/logo-ambar-immobiliaria-1.png","contentUrl":"https:\/\/ambarimmobiliaria.com\/wp-content\/uploads\/2024\/04\/logo-ambar-immobiliaria-1.png","width":366,"height":128,"caption":"Ambar Grup Immobiliari"},"image":{"@id":"https:\/\/ambarimmobiliaria.com\/#\/schema\/logo\/image\/"}}]}},"_links":{"self":[{"href":"https:\/\/ambarimmobiliaria.com\/es\/wp-json\/wp\/v2\/pages\/12348"}],"collection":[{"href":"https:\/\/ambarimmobiliaria.com\/es\/wp-json\/wp\/v2\/pages"}],"about":[{"href":"https:\/\/ambarimmobiliaria.com\/es\/wp-json\/wp\/v2\/types\/page"}],"author":[{"embeddable":true,"href":"https:\/\/ambarimmobiliaria.com\/es\/wp-json\/wp\/v2\/users\/2"}],"replies":[{"embeddable":true,"href":"https:\/\/ambarimmobiliaria.com\/es\/wp-json\/wp\/v2\/comments?post=12348"}],"version-history":[{"count":3,"href":"https:\/\/ambarimmobiliaria.com\/es\/wp-json\/wp\/v2\/pages\/12348\/revisions"}],"predecessor-version":[{"id":14750,"href":"https:\/\/ambarimmobiliaria.com\/es\/wp-json\/wp\/v2\/pages\/12348\/revisions\/14750"}],"wp:attachment":[{"href":"https:\/\/ambarimmobiliaria.com\/es\/wp-json\/wp\/v2\/media?parent=12348"}],"curies":[{"name":"wp","href":"https:\/\/api.w.org\/{rel}","templated":true}]}}