{"id":12350,"date":"2024-06-11T14:28:14","date_gmt":"2024-06-11T12:28:14","guid":{"rendered":"https:\/\/ambar.publitesa.es\/aviso-legal\/"},"modified":"2025-04-16T12:27:29","modified_gmt":"2025-04-16T10:27:29","slug":"avl","status":"publish","type":"page","link":"https:\/\/ambarimmobiliaria.com\/es\/avl\/","title":{"rendered":"Aviso legal"},"content":{"rendered":"\t\t<div data-elementor-type=\"wp-page\" data-elementor-id=\"12350\" class=\"elementor elementor-12350 elementor-11827\" data-elementor-post-type=\"page\">\n\t\t\t\t<div class=\"elementor-element elementor-element-710c44c e-con-full parallax_section_holder e-flex qode_elementor_container_no e-con e-parent\" data-id=\"710c44c\" data-element_type=\"container\" data-settings=\"{&quot;background_background&quot;:&quot;classic&quot;,&quot;qode_parallax_image&quot;:{&quot;url&quot;:&quot;&quot;,&quot;id&quot;:&quot;&quot;,&quot;size&quot;:&quot;&quot;,&quot;alt&quot;:&quot;j&quot;,&quot;source&quot;:&quot;library&quot;}}\">\n\t\t<div class=\"elementor-element elementor-element-1cf2b73 e-con-full e-flex parallax_section_no qode_elementor_container_no e-con e-child\" data-id=\"1cf2b73\" data-element_type=\"container\">\n\t\t\t\t<div class=\"elementor-element elementor-element-a3bdcd5 elementor-widget elementor-widget-heading\" data-id=\"a3bdcd5\" data-element_type=\"widget\" data-widget_type=\"heading.default\">\n\t\t\t\t<div class=\"elementor-widget-container\">\n\t\t\t<style>\/*! elementor - v3.22.0 - 17-06-2024 *\/\n.elementor-heading-title{padding:0;margin:0;line-height:1}.elementor-widget-heading .elementor-heading-title[class*=elementor-size-]>a{color:inherit;font-size:inherit;line-height:inherit}.elementor-widget-heading .elementor-heading-title.elementor-size-small{font-size:15px}.elementor-widget-heading .elementor-heading-title.elementor-size-medium{font-size:19px}.elementor-widget-heading .elementor-heading-title.elementor-size-large{font-size:29px}.elementor-widget-heading .elementor-heading-title.elementor-size-xl{font-size:39px}.elementor-widget-heading .elementor-heading-title.elementor-size-xxl{font-size:59px}<\/style><h2 class=\"elementor-heading-title elementor-size-default\">Aviso legal<\/h2>\t\t<\/div>\n\t\t\t\t<\/div>\n\t\t\t\t<\/div>\n\t\t\t\t<\/div>\n\t\t<div class=\"elementor-element elementor-element-9e54cd6 e-con-full qode_elementor_container_inner e-flex parallax_section_no e-con e-parent\" data-id=\"9e54cd6\" data-element_type=\"container\">\n\t\t<div class=\"elementor-element elementor-element-23af04a e-con-full e-flex parallax_section_no qode_elementor_container_no e-con e-child\" data-id=\"23af04a\" data-element_type=\"container\">\n\t\t\t\t<div class=\"elementor-element elementor-element-31ec6cd elementor-widget elementor-widget-text-editor\" data-id=\"31ec6cd\" data-element_type=\"widget\" data-widget_type=\"text-editor.default\">\n\t\t\t\t<div class=\"elementor-widget-container\">\n\t\t\t<style>\/*! elementor - v3.22.0 - 17-06-2024 *\/\n.elementor-widget-text-editor.elementor-drop-cap-view-stacked .elementor-drop-cap{background-color:#69727d;color:#fff}.elementor-widget-text-editor.elementor-drop-cap-view-framed .elementor-drop-cap{color:#69727d;border:3px solid;background-color:transparent}.elementor-widget-text-editor:not(.elementor-drop-cap-view-default) .elementor-drop-cap{margin-top:8px}.elementor-widget-text-editor:not(.elementor-drop-cap-view-default) .elementor-drop-cap-letter{width:1em;height:1em}.elementor-widget-text-editor .elementor-drop-cap{float:left;text-align:center;line-height:1;font-size:50px}.elementor-widget-text-editor .elementor-drop-cap-letter{display:inline-block}<\/style>\t\t\t\t<p>Identidad del responsable: AMBAR IMMOBILIARIA 2014, S.L.U.<\/p>\n<p>AMBAR IMMOBILIARIA 2014, S.L.U.:<br \/>NIF\/CIF: B-58.337.197<br \/>Inscrita en el Registro Mercantil de Barcelona, \u200b\u200b Volumen 40.294, Folio 202, hoja 69722, Inscripci\u00f3n 28.<\/p>\n<p>Domicilio social: C. Major, 30 Bis, 08221 Terrassa (Barcelona).<\/p>\n<p>Tel\u00e9fono: 93 733 64 00<\/p>\n<p>Correo electr\u00f3nico: protecciodedades@ambarimmobiliaria.com<\/p>\n<p>AMBAR IMMOBILIARIA 2014, S.L.U., en adelante AMBAR IMMOBILIARIA, asume el compromiso de procesar la informaci\u00f3n de sus usuarios y clientes con plenas garant\u00edas y cumplir con los requisitos nacionales y europeos que regulan la recopilaci\u00f3n y uso de los datos personales de sus usuarios.<\/p>\n<p>Esta web, por tanto, cumple rigurosamente con La Ley Org\u00e1nica 15\/1999, de 13 de diciembre, de Protecci\u00f3n de Datos de Car\u00e1cter Personal (LOPD), y con el Real Decreto 1720\/2007, de 21 de diciembre, conocido como el Reglamento de desarrollo de la LOPD. Cumple tambi\u00e9n con el Reglamento (UE) 2016\/679 del Parlamento Europeo y del Consejo de 27 de abril de 2016 relativo a la protecci\u00f3n de las personas f\u00edsicas (RGPD), as\u00ed como con la Ley 34\/2002, de 11 de julio, de Servicios de la Sociedad de la Informaci\u00f3n y Comercio Electr\u00f3nico (LSSICE o LSSI).<\/p>\n<\/p>\n<p><strong>Acceso y uso de la p\u00e1gina web<\/strong><\/p>\n<p>Los usuarios pueden acceder de forma gratuita y libre a la p\u00e1gina web. En el caso de productos o servicios que requieran cierto pago, AMBAR IMMOBILIARIA informar\u00e1 de las condiciones particulares correspondientes a los usuarios.<\/p>\n<p>En general, el acceso a la informaci\u00f3n y las utilidades de esta p\u00e1gina web no exige registro previo de usuario. No obstante, los usuarios podr\u00e1n solicitar, cumplimentando los formularios correspondientes, la recepci\u00f3n de informaci\u00f3n y publicidad sobre AMBAR IMMOBILIARIA (newsletter, por ejemplo). Los usuarios garantizan que toda la informaci\u00f3n y los datos de car\u00e1cter personal facilitados en los formularios ser\u00e1n propios y ciertos. Los usuarios ser\u00e1n los \u00fanicos responsables de las manifestaciones falsas o inexactas que realicen, y de los perjuicios que el uso de esta informaci\u00f3n pueda ocasionar a AMBAR IMMOBILIARIA o a terceros. De igual modo, los usuarios se comprometen a notificar a AMBAR IMMOBILIARIA cualquier cambio que pueda producirse, en relaci\u00f3n con la informaci\u00f3n y los datos personales comunicados.<\/p>\n<p>AMBAR IMMOBILIARIA se reserva el derecho a interrumpir el acceso a su p\u00e1gina web, en cualquier momento y sin previo aviso, sea por motivos de seguridad, control, mantenimiento, errores de suministro el\u00e9ctrico o por cualquier otra causa. Esta interrupci\u00f3n podr\u00e1 tener car\u00e1cter temporal o definitivo, en cuyo caso se comunicar\u00e1 esta circunstancia a los usuarios. Por lo tanto, AMBAR IMMOBILIARIA no garantiza la fiabilidad, la disponibilidad ni la continuidad de su p\u00e1gina web, en el caso de presentarse las causas anteriormente citadas, por tanto, en ning\u00fan momento se podr\u00e1n exigir responsabilidades a AMBAR IMMOBILIARIA en este sentido.<\/p>\n<\/p>\n<p><strong>Uso de la p\u00e1gina web<\/strong><\/p>\n<p>La utilizaci\u00f3n de la p\u00e1gina web de AMBAR IMMOBILIARIA por cualquier persona le atribuye la condici\u00f3n de usuario, quien acepta que ese uso es bajo su exclusiva responsabilidad.<\/p>\n<p>Los usuarios se comprometen a utilizar la informaci\u00f3n, actividades, productos o servicios que AMBAR IMMOBILIARIA pone a su disposici\u00f3n en esta p\u00e1gina web conforme a las presentes condiciones generales y a la legalidad vigente, y, en cualquier caso, se compromete a no utilizarlos para actividades contrarias a las leyes, a la moral o al orden p\u00fablico.<\/p>\n<p>Los Contenidos de la p\u00e1gina web son puestos a disposici\u00f3n de los usuarios por AMBAR IMMOBILIARIA como informaci\u00f3n propia o, en su caso, de terceros. De este modo, AMBAR IMMOBILIARIA pondr\u00e1 los medios razonables a su disposici\u00f3n para que los Contenidos incluidos a su p\u00e1gina web sean exactos y est\u00e9n actualizados.<\/p>\n<p>En cuanto a los menores de edad que deseen hacer uso de esta p\u00e1gina web deber\u00e1n tener el permiso de sus padres o tutores, que en cualquier caso ser\u00e1n los responsables de sus actos. No obstante, AMBAR IMMOBILIARIA garantiza la protecci\u00f3n del menor en cuanto a los Contenidos dirigidos especialmente al p\u00fablico familiar.<\/p>\n<\/p>\n<p><strong>Informaci\u00f3n sobre los v\u00ednculos \u201clinks\u201d<\/strong><br \/>Las p\u00e1ginas de Internet de AMBAR IMMOBILIARIA pueden contener enlaces (links) a otras p\u00e1ginas de terceros. Por lo tanto, \u00e9sta no podr\u00e1 asumir responsabilidades por el contenido que pueda aparecer en p\u00e1ginas de terceros. Cualquier acto de transmisi\u00f3n, distribuci\u00f3n, cesi\u00f3n, reproducci\u00f3n, almacenamiento o comunicaci\u00f3n p\u00fablica total o parcial, debe contar con el consentimiento expreso de AMBAR IMMOBILIARIA.<\/p>\n<p>En cumplimiento de lo dispuesto en el art 11 y 16 de la LSSICE, AMBAR IMMOBILIARIA se pone a disposici\u00f3n de todos los usuarios, autoridades y fuerzas de seguridad, y colaborando de forma activa en la retirada o, cuando sea necesario, el bloqueo de todos aquellos contenidos que puedan afectar o contravenir la legislaci\u00f3n nacional, o internacional, derechos de terceros o la moral y el orden p\u00fablico. En caso de que el usuario considere que puede existir alg\u00fan contenido que pudiera ser susceptible de esta clasificaci\u00f3n, se ruega lo notifique de forma inmediata al administrador del sitio web.<\/p>\n<\/p>\n<p><strong>Renuncia y limitaci\u00f3n de la responsabilidad<\/strong><br \/>Los usuarios responder\u00e1n de los da\u00f1os y perjuicios de cualquier naturaleza que AMBAR IMMOBILIARIA o terceros puedan sufrir como consecuencia del incumplimiento de cualquiera de las disposiciones estipuladas en este Aviso Legal o en su caso, en las condiciones de venta, pol\u00edtica de privacidad y el resto de condiciones legales que sean de aplicaci\u00f3n.<\/p>\n<p>AMBAR IMMOBILIARIA no se responsabiliza de los da\u00f1os y perjuicios producidos en los equipos inform\u00e1ticos de los usuarios o de terceros derivados del acceso a esta p\u00e1gina web, porque este acceso no supone en ning\u00fan caso la obligaci\u00f3n de AMBAR IMMOBILIARIA de controlar la ausencia de virus, gusanos o cualquier otro elemento inform\u00e1tico da\u00f1ino.<\/p>\n<p>AMBAR IMMOBILIARIA no se responsabiliza de los contenidos y servicios de los enlaces, p\u00e1ginas o sistemas de terceros conectados a esta p\u00e1gina web y, por lo tanto, no se responsabiliza de los da\u00f1os producidos por la ilicitud, calidad, desactualizaci\u00f3n, indisponibilidad, error o inutilidad de los mismos.<\/p>\n<\/p>\n<p><strong>Informaci\u00f3n relativa a la Propiedad Intelectual e Industrial<\/strong><br \/>Todos los contenidos de esta p\u00e1gina web, entendiendo como tal, a t\u00edtulo meramente enunciativo los textos, fotograf\u00edas, gr\u00e1ficos, im\u00e1genes, iconos, signos distintivos o logotipos, marcas, nombres comerciales, tecnolog\u00eda, programario, enlaces y dem\u00e1s contenidos audiovisuales o sonoros, as\u00ed como su dise\u00f1o gr\u00e1fico y c\u00f3digos fuente (referidos de forma abreviada como los \u2018Contenidos\u2019), son propiedad intelectual de AMBAR IMMOBILIARIA o, en su caso, de terceros, salvo especificaci\u00f3n de lo contrario.<\/p>\n<p>Los usuarios deber\u00e1n respetar en todo momento todos los derechos de propiedad intelectual e industrial sobre esta p\u00e1gina web, de titularidad de AMBAR IMMOBILIARIA o de terceros.<\/p>\n<p>Queda expresamente prohibida la reproducci\u00f3n, transformaci\u00f3n, distribuci\u00f3n, comunicaci\u00f3n p\u00fablica, puesta a disposici\u00f3n, extracci\u00f3n, reutilizaci\u00f3n, retransmisi\u00f3n u utilizaci\u00f3n de cualquier naturaleza, por cualquier medio o procedimiento, de cualquiera de estos derechos, excepto en los casos que est\u00e9 legalmente permitido, es decir, autorizado por el titular de los correspondientes derechos. Para la utilizaci\u00f3n autorizada de los Contenidos de esta p\u00e1gina web, con finalidades exclusivamente informativas o pedag\u00f3gicas, los usuarios pueden dirigirse a info@AMBAR IMMOBILIARIA.com. No obstante, los usuarios podr\u00e1n visualizar y obtener una copia privada temporal de los Contenidos para su exclusivo uso personal y privado en sus sistemas inform\u00e1ticos, siempre que no sea con la finalidad de desarrollar actividades de car\u00e1cter comercial o profesional o con finalidades de distribuci\u00f3n, modificaci\u00f3n, alteraci\u00f3n o descompilaci\u00f3n.<\/p>\n<\/p>\n<p><strong>Protecci\u00f3n de datos personales<\/strong><br \/>Los datos de car\u00e1cter personal recibidos de los usuarios ser\u00e1n tratados de modo confidencial, cumpliendo adecuadamente y en todo momento las disposiciones contenidas en la Ley Org\u00e1nica 15\/1999, de 13 de diciembre, de Protecci\u00f3n de Datos de Car\u00e1cter Personal (en adelante, la \u201cLOPD\u201d), as\u00ed como en el Real Decreto 1720\/2007, de 21 de diciembre, por el que se aprueba el Reglamento de desarrollo de la LOPD y a partir del 25 de mayo de 2018, el Reglamento (UE) 2016\/679 de 27 de abril de 2016, relativo a la protecci\u00f3n de las personas f\u00edsicas en cuanto al tratamiento de datos personales y a la libre circulaci\u00f3n de estos datos y por el que se deroga la Directiva 95\/46\/CE, y en cualesquiera otras normas vigentes o que en el futuro puedan promulgarse sobre la materia.<\/p>\n<p>AMBAR IMMOBILIARIA se compromete a tratar los datos de car\u00e1cter personal conforme a las instrucciones de los usuarios que hayan proporcionado los datos de car\u00e1cter personal, a no aplicarlos ni utilizarlos con fin distinto y a no comunicarlos, ni siquiera para su conservaci\u00f3n, a otras personas, salvo con el consentimiento previo y expreso de la parte en cuesti\u00f3n. Asimismo, AMBAR IMMOBILIARIA se compromete a adoptar y aplicar las medidas t\u00e9cnicas y organizativas apropiadas para garantizar un nivel de seguridad que evite su alteraci\u00f3n, p\u00e9rdida, tratamiento o acceso no autorizado, habida cuenta del estado de la tecnolog\u00eda, la naturaleza de los datos almacenados y los riesgos a que est\u00e9n expuestos, conforme lo previsto en el art\u00edculo 32 del RGPD.<\/p>\n<p>Para m\u00e1s informaci\u00f3n, ver nuestra<a href=\"https:\/\/ambarimmobiliaria.com\/es\/ppt\/\"> Pol\u00edtica de Privacidad<\/a>.<\/p>\n<\/p>\n<p><strong>Legislaci\u00f3n aplicable y jurisdicci\u00f3n<\/strong><br \/>El presente Aviso Legal queda sujeto a la vigente legislaci\u00f3n espa\u00f1ola aplicable. Para la resoluci\u00f3n de cualquier conflicto o litigio que pudiera derivarse del acceso a esta p\u00e1gina web, los usuarios y AMBAR IMMOBILIARIA se comprometen a someterse a los juzgados que resulten competentes.<\/p>\n\t\t\t\t\t\t<\/div>\n\t\t\t\t<\/div>\n\t\t\t\t<\/div>\n\t\t\t\t<\/div>\n\t\t\t\t<\/div>\n\t\t","protected":false},"excerpt":{"rendered":"<p>Aviso legal Identidad del responsable: AMBAR IMMOBILIARIA 2014, S.L.U. AMBAR IMMOBILIARIA 2014, S.L.U.:NIF\/CIF: B-58.337.197Inscrita en el Registro Mercantil de Barcelona, \u200b\u200b Volumen 40.294, Folio 202, hoja 69722, Inscripci\u00f3n 28. Domicilio social: C. Major, 30 Bis, 08221 Terrassa (Barcelona). Tel\u00e9fono: 93 733 64 00 Correo electr\u00f3nico:&#8230;<\/p>\n","protected":false},"author":2,"featured_media":0,"parent":0,"menu_order":0,"comment_status":"closed","ping_status":"closed","template":"full_width.php","meta":{"_joinchat":[],"footnotes":""},"yoast_head":"<!-- This site is optimized with the Yoast SEO plugin v22.9 - https:\/\/yoast.com\/wordpress\/plugins\/seo\/ -->\n<title>Aviso legal &#8212; Ambar Grup Immobiliari<\/title>\n<meta name=\"robots\" content=\"noindex, nofollow\" \/>\n<meta property=\"og:locale\" content=\"es_ES\" \/>\n<meta property=\"og:type\" content=\"article\" \/>\n<meta property=\"og:title\" content=\"Aviso legal &#8212; Ambar Grup Immobiliari\" \/>\n<meta property=\"og:description\" content=\"Aviso legal Identidad del responsable: AMBAR IMMOBILIARIA 2014, S.L.U. AMBAR IMMOBILIARIA 2014, S.L.U.:NIF\/CIF: B-58.337.197Inscrita en el Registro Mercantil de Barcelona, \u200b\u200b Volumen 40.294, Folio 202, hoja 69722, Inscripci\u00f3n 28. Domicilio social: C. Major, 30 Bis, 08221 Terrassa (Barcelona). Tel\u00e9fono: 93 733 64 00 Correo electr\u00f3nico:...\" \/>\n<meta property=\"og:url\" content=\"https:\/\/ambarimmobiliaria.com\/es\/avl\/\" \/>\n<meta property=\"og:site_name\" content=\"Ambar Grup Immobiliari\" \/>\n<meta property=\"article:modified_time\" content=\"2025-04-16T10:27:29+00:00\" \/>\n<meta property=\"og:image\" content=\"https:\/\/ambarimmobiliaria.com\/wp-content\/uploads\/2024\/06\/ambar-immobiliaria-terrassa-se1.jpg\" \/>\n\t<meta property=\"og:image:width\" content=\"1200\" \/>\n\t<meta property=\"og:image:height\" content=\"675\" \/>\n\t<meta property=\"og:image:type\" content=\"image\/jpeg\" \/>\n<meta name=\"twitter:card\" content=\"summary_large_image\" \/>\n<meta name=\"twitter:label1\" content=\"Tiempo de lectura\" \/>\n\t<meta name=\"twitter:data1\" content=\"8 minutos\" \/>\n<script type=\"application\/ld+json\" class=\"yoast-schema-graph\">{\"@context\":\"https:\/\/schema.org\",\"@graph\":[{\"@type\":\"WebPage\",\"@id\":\"https:\/\/ambarimmobiliaria.com\/es\/avl\/\",\"url\":\"https:\/\/ambarimmobiliaria.com\/es\/avl\/\",\"name\":\"Aviso legal &#8212; Ambar Grup Immobiliari\",\"isPartOf\":{\"@id\":\"https:\/\/ambarimmobiliaria.com\/#website\"},\"datePublished\":\"2024-06-11T12:28:14+00:00\",\"dateModified\":\"2025-04-16T10:27:29+00:00\",\"breadcrumb\":{\"@id\":\"https:\/\/ambarimmobiliaria.com\/es\/avl\/#breadcrumb\"},\"inLanguage\":\"es\",\"potentialAction\":[{\"@type\":\"ReadAction\",\"target\":[\"https:\/\/ambarimmobiliaria.com\/es\/avl\/\"]}]},{\"@type\":\"BreadcrumbList\",\"@id\":\"https:\/\/ambarimmobiliaria.com\/es\/avl\/#breadcrumb\",\"itemListElement\":[{\"@type\":\"ListItem\",\"position\":1,\"name\":\"Inici\",\"item\":\"https:\/\/ambarimmobiliaria.com\/es\/\"},{\"@type\":\"ListItem\",\"position\":2,\"name\":\"Aviso legal\"}]},{\"@type\":\"WebSite\",\"@id\":\"https:\/\/ambarimmobiliaria.com\/#website\",\"url\":\"https:\/\/ambarimmobiliaria.com\/\",\"name\":\"Ambar Grup Immobiliari\",\"description\":\"\",\"publisher\":{\"@id\":\"https:\/\/ambarimmobiliaria.com\/#organization\"},\"potentialAction\":[{\"@type\":\"SearchAction\",\"target\":{\"@type\":\"EntryPoint\",\"urlTemplate\":\"https:\/\/ambarimmobiliaria.com\/?s={search_term_string}\"},\"query-input\":\"required name=search_term_string\"}],\"inLanguage\":\"es\"},{\"@type\":\"Organization\",\"@id\":\"https:\/\/ambarimmobiliaria.com\/#organization\",\"name\":\"Ambar Grup Immobiliari\",\"url\":\"https:\/\/ambarimmobiliaria.com\/\",\"logo\":{\"@type\":\"ImageObject\",\"inLanguage\":\"es\",\"@id\":\"https:\/\/ambarimmobiliaria.com\/#\/schema\/logo\/image\/\",\"url\":\"https:\/\/ambarimmobiliaria.com\/wp-content\/uploads\/2024\/04\/logo-ambar-immobiliaria-1.png\",\"contentUrl\":\"https:\/\/ambarimmobiliaria.com\/wp-content\/uploads\/2024\/04\/logo-ambar-immobiliaria-1.png\",\"width\":366,\"height\":128,\"caption\":\"Ambar Grup Immobiliari\"},\"image\":{\"@id\":\"https:\/\/ambarimmobiliaria.com\/#\/schema\/logo\/image\/\"}}]}<\/script>\n<!-- \/ Yoast SEO plugin. -->","yoast_head_json":{"title":"Aviso legal &#8212; Ambar Grup Immobiliari","robots":{"index":"noindex","follow":"nofollow"},"og_locale":"es_ES","og_type":"article","og_title":"Aviso legal &#8212; Ambar Grup Immobiliari","og_description":"Aviso legal Identidad del responsable: AMBAR IMMOBILIARIA 2014, S.L.U. AMBAR IMMOBILIARIA 2014, S.L.U.:NIF\/CIF: B-58.337.197Inscrita en el Registro Mercantil de Barcelona, \u200b\u200b Volumen 40.294, Folio 202, hoja 69722, Inscripci\u00f3n 28. Domicilio social: C. Major, 30 Bis, 08221 Terrassa (Barcelona). Tel\u00e9fono: 93 733 64 00 Correo electr\u00f3nico:...","og_url":"https:\/\/ambarimmobiliaria.com\/es\/avl\/","og_site_name":"Ambar Grup Immobiliari","article_modified_time":"2025-04-16T10:27:29+00:00","og_image":[{"width":1200,"height":675,"url":"https:\/\/ambarimmobiliaria.com\/wp-content\/uploads\/2024\/06\/ambar-immobiliaria-terrassa-se1.jpg","type":"image\/jpeg"}],"twitter_card":"summary_large_image","twitter_misc":{"Tiempo de lectura":"8 minutos"},"schema":{"@context":"https:\/\/schema.org","@graph":[{"@type":"WebPage","@id":"https:\/\/ambarimmobiliaria.com\/es\/avl\/","url":"https:\/\/ambarimmobiliaria.com\/es\/avl\/","name":"Aviso legal &#8212; Ambar Grup Immobiliari","isPartOf":{"@id":"https:\/\/ambarimmobiliaria.com\/#website"},"datePublished":"2024-06-11T12:28:14+00:00","dateModified":"2025-04-16T10:27:29+00:00","breadcrumb":{"@id":"https:\/\/ambarimmobiliaria.com\/es\/avl\/#breadcrumb"},"inLanguage":"es","potentialAction":[{"@type":"ReadAction","target":["https:\/\/ambarimmobiliaria.com\/es\/avl\/"]}]},{"@type":"BreadcrumbList","@id":"https:\/\/ambarimmobiliaria.com\/es\/avl\/#breadcrumb","itemListElement":[{"@type":"ListItem","position":1,"name":"Inici","item":"https:\/\/ambarimmobiliaria.com\/es\/"},{"@type":"ListItem","position":2,"name":"Aviso legal"}]},{"@type":"WebSite","@id":"https:\/\/ambarimmobiliaria.com\/#website","url":"https:\/\/ambarimmobiliaria.com\/","name":"Ambar Grup Immobiliari","description":"","publisher":{"@id":"https:\/\/ambarimmobiliaria.com\/#organization"},"potentialAction":[{"@type":"SearchAction","target":{"@type":"EntryPoint","urlTemplate":"https:\/\/ambarimmobiliaria.com\/?s={search_term_string}"},"query-input":"required name=search_term_string"}],"inLanguage":"es"},{"@type":"Organization","@id":"https:\/\/ambarimmobiliaria.com\/#organization","name":"Ambar Grup Immobiliari","url":"https:\/\/ambarimmobiliaria.com\/","logo":{"@type":"ImageObject","inLanguage":"es","@id":"https:\/\/ambarimmobiliaria.com\/#\/schema\/logo\/image\/","url":"https:\/\/ambarimmobiliaria.com\/wp-content\/uploads\/2024\/04\/logo-ambar-immobiliaria-1.png","contentUrl":"https:\/\/ambarimmobiliaria.com\/wp-content\/uploads\/2024\/04\/logo-ambar-immobiliaria-1.png","width":366,"height":128,"caption":"Ambar Grup Immobiliari"},"image":{"@id":"https:\/\/ambarimmobiliaria.com\/#\/schema\/logo\/image\/"}}]}},"_links":{"self":[{"href":"https:\/\/ambarimmobiliaria.com\/es\/wp-json\/wp\/v2\/pages\/12350"}],"collection":[{"href":"https:\/\/ambarimmobiliaria.com\/es\/wp-json\/wp\/v2\/pages"}],"about":[{"href":"https:\/\/ambarimmobiliaria.com\/es\/wp-json\/wp\/v2\/types\/page"}],"author":[{"embeddable":true,"href":"https:\/\/ambarimmobiliaria.com\/es\/wp-json\/wp\/v2\/users\/2"}],"replies":[{"embeddable":true,"href":"https:\/\/ambarimmobiliaria.com\/es\/wp-json\/wp\/v2\/comments?post=12350"}],"version-history":[{"count":3,"href":"https:\/\/ambarimmobiliaria.com\/es\/wp-json\/wp\/v2\/pages\/12350\/revisions"}],"predecessor-version":[{"id":14751,"href":"https:\/\/ambarimmobiliaria.com\/es\/wp-json\/wp\/v2\/pages\/12350\/revisions\/14751"}],"wp:attachment":[{"href":"https:\/\/ambarimmobiliaria.com\/es\/wp-json\/wp\/v2\/media?parent=12350"}],"curies":[{"name":"wp","href":"https:\/\/api.w.org\/{rel}","templated":true}]}}