{"id":12354,"date":"2024-05-02T10:32:01","date_gmt":"2024-05-02T08:32:01","guid":{"rendered":"https:\/\/ambar.publitesa.es\/ambar-immobiliaria\/"},"modified":"2025-04-16T12:23:53","modified_gmt":"2025-04-16T10:23:53","slug":"ambar-inmobiliaria","status":"publish","type":"page","link":"https:\/\/ambarimmobiliaria.com\/es\/ambar-inmobiliaria\/","title":{"rendered":"Ambar Inmobiliaria"},"content":{"rendered":"\t\t<div data-elementor-type=\"wp-page\" data-elementor-id=\"12354\" class=\"elementor elementor-12354 elementor-10367\" data-elementor-post-type=\"page\">\n\t\t\t\t<div class=\"elementor-element elementor-element-710c44c e-con-full parallax_section_holder e-flex qode_elementor_container_no e-con e-parent\" data-id=\"710c44c\" data-element_type=\"container\" data-settings=\"{&quot;background_background&quot;:&quot;classic&quot;,&quot;qode_parallax_image&quot;:{&quot;url&quot;:&quot;&quot;,&quot;id&quot;:&quot;&quot;,&quot;size&quot;:&quot;&quot;,&quot;alt&quot;:&quot;j&quot;,&quot;source&quot;:&quot;library&quot;}}\">\n\t\t<div class=\"elementor-element elementor-element-1cf2b73 e-con-full e-flex parallax_section_no qode_elementor_container_no e-con e-child\" data-id=\"1cf2b73\" data-element_type=\"container\">\n\t\t\t\t<div class=\"elementor-element elementor-element-a3bdcd5 elementor-widget elementor-widget-heading\" data-id=\"a3bdcd5\" data-element_type=\"widget\" data-widget_type=\"heading.default\">\n\t\t\t\t<div class=\"elementor-widget-container\">\n\t\t\t<style>\/*! elementor - v3.22.0 - 17-06-2024 *\/\n.elementor-heading-title{padding:0;margin:0;line-height:1}.elementor-widget-heading .elementor-heading-title[class*=elementor-size-]>a{color:inherit;font-size:inherit;line-height:inherit}.elementor-widget-heading .elementor-heading-title.elementor-size-small{font-size:15px}.elementor-widget-heading .elementor-heading-title.elementor-size-medium{font-size:19px}.elementor-widget-heading .elementor-heading-title.elementor-size-large{font-size:29px}.elementor-widget-heading .elementor-heading-title.elementor-size-xl{font-size:39px}.elementor-widget-heading .elementor-heading-title.elementor-size-xxl{font-size:59px}<\/style><h1 class=\"elementor-heading-title elementor-size-default\">Ambar Inmobiliaria<\/h1>\t\t<\/div>\n\t\t\t\t<\/div>\n\t\t\t\t<\/div>\n\t\t\t\t<\/div>\n\t\t<div class=\"elementor-element elementor-element-5fcf900 e-con-full parallax_section_holder e-flex qode_elementor_container_no e-con e-parent\" data-id=\"5fcf900\" data-element_type=\"container\" data-settings=\"{&quot;background_background&quot;:&quot;classic&quot;,&quot;qode_parallax_image&quot;:{&quot;url&quot;:&quot;&quot;,&quot;id&quot;:&quot;&quot;,&quot;size&quot;:&quot;&quot;,&quot;alt&quot;:&quot;j&quot;,&quot;source&quot;:&quot;library&quot;}}\">\n\t\t<div class=\"elementor-element elementor-element-b0c04c8 e-con-full e-flex parallax_section_no qode_elementor_container_no e-con e-child\" data-id=\"b0c04c8\" data-element_type=\"container\">\n\t\t\t\t<div class=\"elementor-element elementor-element-0203a67 elementor-widget elementor-widget-image\" data-id=\"0203a67\" data-element_type=\"widget\" data-widget_type=\"image.default\">\n\t\t\t\t<div class=\"elementor-widget-container\">\n\t\t\t<style>\/*! elementor - v3.22.0 - 17-06-2024 *\/\n.elementor-widget-image{text-align:center}.elementor-widget-image a{display:inline-block}.elementor-widget-image a img[src$=\".svg\"]{width:48px}.elementor-widget-image img{vertical-align:middle;display:inline-block}<\/style>\t\t\t\t\t\t\t\t\t\t<img fetchpriority=\"high\" decoding=\"async\" width=\"2048\" height=\"536\" src=\"https:\/\/ambarimmobiliaria.com\/wp-content\/uploads\/2024\/05\/ambar-immobiliaria-obra-nova-terrassa.jpg\" class=\"attachment-2048x2048 size-2048x2048 wp-image-11127\" alt=\"Ambar Immobiliaria obra nova Terrassa\" srcset=\"https:\/\/ambarimmobiliaria.com\/wp-content\/uploads\/2024\/05\/ambar-immobiliaria-obra-nova-terrassa.jpg 2048w, https:\/\/ambarimmobiliaria.com\/wp-content\/uploads\/2024\/05\/ambar-immobiliaria-obra-nova-terrassa-300x79.jpg 300w, https:\/\/ambarimmobiliaria.com\/wp-content\/uploads\/2024\/05\/ambar-immobiliaria-obra-nova-terrassa-1024x268.jpg 1024w, https:\/\/ambarimmobiliaria.com\/wp-content\/uploads\/2024\/05\/ambar-immobiliaria-obra-nova-terrassa-768x201.jpg 768w, https:\/\/ambarimmobiliaria.com\/wp-content\/uploads\/2024\/05\/ambar-immobiliaria-obra-nova-terrassa-1536x402.jpg 1536w, https:\/\/ambarimmobiliaria.com\/wp-content\/uploads\/2024\/05\/ambar-immobiliaria-obra-nova-terrassa-700x183.jpg 700w\" sizes=\"(max-width: 2048px) 100vw, 2048px\" \/>\t\t\t\t\t\t\t\t\t\t\t\t\t<\/div>\n\t\t\t\t<\/div>\n\t\t\t\t<\/div>\n\t\t\t\t<\/div>\n\t\t<div class=\"elementor-element elementor-element-9e54cd6 e-con-full qode_elementor_container_inner e-flex parallax_section_no e-con e-parent\" data-id=\"9e54cd6\" data-element_type=\"container\">\n\t\t<div class=\"elementor-element elementor-element-23af04a e-con-full e-flex parallax_section_no qode_elementor_container_no e-con e-child\" data-id=\"23af04a\" data-element_type=\"container\">\n\t\t<div class=\"elementor-element elementor-element-4a4c899 e-flex e-con-boxed parallax_section_no qode_elementor_container_no e-con e-child\" data-id=\"4a4c899\" data-element_type=\"container\">\n\t\t\t\t\t<div class=\"e-con-inner\">\n\t\t\t\t<div class=\"elementor-element elementor-element-ffb157b elementor-widget elementor-widget-text-editor\" data-id=\"ffb157b\" data-element_type=\"widget\" data-widget_type=\"text-editor.default\">\n\t\t\t\t<div class=\"elementor-widget-container\">\n\t\t\t<style>\/*! elementor - v3.22.0 - 17-06-2024 *\/\n.elementor-widget-text-editor.elementor-drop-cap-view-stacked .elementor-drop-cap{background-color:#69727d;color:#fff}.elementor-widget-text-editor.elementor-drop-cap-view-framed .elementor-drop-cap{color:#69727d;border:3px solid;background-color:transparent}.elementor-widget-text-editor:not(.elementor-drop-cap-view-default) .elementor-drop-cap{margin-top:8px}.elementor-widget-text-editor:not(.elementor-drop-cap-view-default) .elementor-drop-cap-letter{width:1em;height:1em}.elementor-widget-text-editor .elementor-drop-cap{float:left;text-align:center;line-height:1;font-size:50px}.elementor-widget-text-editor .elementor-drop-cap-letter{display:inline-block}<\/style>\t\t\t\t<p>Escogemos siempre las mejores ubicaciones, d\u00f3nde a nosotros nos gustar\u00eda vivir<\/p>\n\t\t\t\t\t\t<\/div>\n\t\t\t\t<\/div>\n\t\t\t\t\t<\/div>\n\t\t\t\t<\/div>\n\t\t\t\t<\/div>\n\t\t<div class=\"elementor-element elementor-element-069cc2a e-con-full e-flex parallax_section_no qode_elementor_container_no e-con e-child\" data-id=\"069cc2a\" data-element_type=\"container\">\n\t\t\t\t<div class=\"elementor-element elementor-element-963c36e elementor-widget elementor-widget-heading\" data-id=\"963c36e\" data-element_type=\"widget\" data-widget_type=\"heading.default\">\n\t\t\t\t<div class=\"elementor-widget-container\">\n\t\t\t<h2 class=\"elementor-heading-title elementor-size-default\">Empresa constructura en Terrassa<\/h2>\t\t<\/div>\n\t\t\t\t<\/div>\n\t\t\t\t<div class=\"elementor-element elementor-element-31ec6cd mypagepara1 elementor-widget elementor-widget-text-editor\" data-id=\"31ec6cd\" data-element_type=\"widget\" data-widget_type=\"text-editor.default\">\n\t\t\t\t<div class=\"elementor-widget-container\">\n\t\t\t\t\t\t\t<p><strong>Ambar Inmobiliaria<\/strong> somos una empresa familiar con m\u00e1s de treinta y cinco a\u00f1os de experiencia en la promoci\u00f3n de inmuebles especialmente en la ciudad de Terrassa.<\/p><p>Continuamos con la misma ilusi\u00f3n y dedicaci\u00f3n que siempre hemos aportado a nuestros proyectos para crear espacios con valor y adaptados a necesidades de las personas que habitar\u00e1n en ellos.<\/p><p>Descubre nuestras promociones de <strong><a title=\"Obra nueva en Terrassa\" href=\"https:\/\/ambarimmobiliaria.com\/es\/pisos-obra-nueva-terrassa\/\">obra nueva en Terrassa<\/a><\/strong>.<\/p>\t\t\t\t\t\t<\/div>\n\t\t\t\t<\/div>\n\t\t\t\t<\/div>\n\t\t\t\t<\/div>\n\t\t<div class=\"elementor-element elementor-element-92c18b4 e-con-full qode_elementor_container_inner e-flex parallax_section_no e-con e-parent\" data-id=\"92c18b4\" data-element_type=\"container\">\n\t\t<div class=\"elementor-element elementor-element-277aed9 e-con-full e-flex parallax_section_no qode_elementor_container_no e-con e-child\" data-id=\"277aed9\" data-element_type=\"container\">\n\t\t<div class=\"elementor-element elementor-element-0eae3f7 e-flex e-con-boxed parallax_section_no qode_elementor_container_no e-con e-child\" data-id=\"0eae3f7\" data-element_type=\"container\">\n\t\t\t\t\t<div class=\"e-con-inner\">\n\t\t\t\t<div class=\"elementor-element elementor-element-1480b87 elementor-widget elementor-widget-bridge_counter\" data-id=\"1480b87\" data-element_type=\"widget\" data-widget_type=\"bridge_counter.default\">\n\t\t\t\t<div class=\"elementor-widget-container\">\n\t\t\t<div class=\"q_counter_holder \" style=\"\" data-digit=\"120\"><span class=\"counter  zero\" style=\"color: #EF7D00;font-weight: 500;\">120<\/span><p class=\"counter_text\" style=\"color: #ef7d00;\">promociones finalizadas<\/p><\/div>\t\t<\/div>\n\t\t\t\t<\/div>\n\t\t\t\t\t<\/div>\n\t\t\t\t<\/div>\n\t\t<div class=\"elementor-element elementor-element-c884a7a e-flex e-con-boxed parallax_section_no qode_elementor_container_no e-con e-child\" data-id=\"c884a7a\" data-element_type=\"container\">\n\t\t\t\t\t<div class=\"e-con-inner\">\n\t\t\t\t<div class=\"elementor-element elementor-element-49268d2 elementor-widget elementor-widget-bridge_counter\" data-id=\"49268d2\" data-element_type=\"widget\" data-widget_type=\"bridge_counter.default\">\n\t\t\t\t<div class=\"elementor-widget-container\">\n\t\t\t<div class=\"q_counter_holder \" style=\"\" data-digit=\"2000\"><span class=\"counter  zero\" style=\"color: #EF7D00;\">2000<\/span><p class=\"counter_text\" style=\"color: #ef7d00;\">viviendas<\/p><\/div>\t\t<\/div>\n\t\t\t\t<\/div>\n\t\t\t\t\t<\/div>\n\t\t\t\t<\/div>\n\t\t\t\t<\/div>\n\t\t<div class=\"elementor-element elementor-element-028968a e-con-full e-flex parallax_section_no qode_elementor_container_no e-con e-child\" data-id=\"028968a\" data-element_type=\"container\">\n\t\t<div class=\"elementor-element elementor-element-c263a1c e-flex e-con-boxed parallax_section_no qode_elementor_container_no e-con e-child\" data-id=\"c263a1c\" data-element_type=\"container\">\n\t\t\t\t\t<div class=\"e-con-inner\">\n\t\t\t\t<div class=\"elementor-element elementor-element-475e1b0 elementor-widget elementor-widget-bridge_counter\" data-id=\"475e1b0\" data-element_type=\"widget\" data-widget_type=\"bridge_counter.default\">\n\t\t\t\t<div class=\"elementor-widget-container\">\n\t\t\t<div class=\"q_counter_holder \" style=\"\" data-digit=\"5\"><span class=\"counter  zero\" style=\"color: #EF7D00;\">5<\/span><p class=\"counter_text\" style=\"color: #ef7d00;\">promociones en curso<\/p><\/div>\t\t<\/div>\n\t\t\t\t<\/div>\n\t\t\t\t\t<\/div>\n\t\t\t\t<\/div>\n\t\t<div class=\"elementor-element elementor-element-0e57b51 e-flex e-con-boxed parallax_section_no qode_elementor_container_no e-con e-child\" data-id=\"0e57b51\" data-element_type=\"container\">\n\t\t\t\t\t<div class=\"e-con-inner\">\n\t\t\t\t<div class=\"elementor-element elementor-element-368524f elementor-widget elementor-widget-bridge_counter\" data-id=\"368524f\" data-element_type=\"widget\" data-widget_type=\"bridge_counter.default\">\n\t\t\t\t<div class=\"elementor-widget-container\">\n\t\t\t<div class=\"q_counter_holder \" style=\"\" data-digit=\"35\"><span class=\"counter  zero\" style=\"color: #EF7D00;\">35<\/span><p class=\"counter_text\" style=\"color: #ef7d00;\">experiencia<\/p><\/div>\t\t<\/div>\n\t\t\t\t<\/div>\n\t\t\t\t\t<\/div>\n\t\t\t\t<\/div>\n\t\t\t\t<\/div>\n\t\t\t\t<\/div>\n\t\t<div class=\"elementor-element elementor-element-10e7fc5 e-con-full e-flex parallax_section_no qode_elementor_container_no e-con e-parent\" data-id=\"10e7fc5\" data-element_type=\"container\" data-settings=\"{&quot;background_background&quot;:&quot;classic&quot;}\">\n\t\t<div class=\"elementor-element elementor-element-4219d23 e-con-full e-flex parallax_section_no qode_elementor_container_no e-con e-child\" data-id=\"4219d23\" data-element_type=\"container\">\n\t\t\t\t<div class=\"elementor-element elementor-element-734555a elementor-widget elementor-widget-text-editor\" data-id=\"734555a\" data-element_type=\"widget\" data-widget_type=\"text-editor.default\">\n\t\t\t\t<div class=\"elementor-widget-container\">\n\t\t\t\t\t\t\t<p>Misi\u00f3n<\/p>\n\t\t\t\t\t\t<\/div>\n\t\t\t\t<\/div>\n\t\t\t\t<div class=\"elementor-element elementor-element-a2a1908 elementor-widget elementor-widget-text-editor\" data-id=\"a2a1908\" data-element_type=\"widget\" data-widget_type=\"text-editor.default\">\n\t\t\t\t<div class=\"elementor-widget-container\">\n\t\t\t\t\t\t\t<p>Nuestra misi\u00f3n es mejorar la calidad de vida de las personas y familias con la creaci\u00f3n de espacios que ofrezcan valor y se adapten a las necesidades de sus habitantes.<\/p>\n\t\t\t\t\t\t<\/div>\n\t\t\t\t<\/div>\n\t\t\t\t<\/div>\n\t\t<div class=\"elementor-element elementor-element-cdbcfb3 e-con-full e-flex parallax_section_no qode_elementor_container_no e-con e-child\" data-id=\"cdbcfb3\" data-element_type=\"container\">\n\t\t<div class=\"elementor-element elementor-element-f83b4e4 e-con-full e-flex parallax_section_no qode_elementor_container_no e-con e-child\" data-id=\"f83b4e4\" data-element_type=\"container\">\n\t\t\t\t<div class=\"elementor-element elementor-element-a3232e6 elementor-widget elementor-widget-text-editor\" data-id=\"a3232e6\" data-element_type=\"widget\" data-widget_type=\"text-editor.default\">\n\t\t\t\t<div class=\"elementor-widget-container\">\n\t\t\t\t\t\t\t<p>Valores<\/p>\n\t\t\t\t\t\t<\/div>\n\t\t\t\t<\/div>\n\t\t\t\t<div class=\"elementor-element elementor-element-b50169c elementor-widget elementor-widget-text-editor\" data-id=\"b50169c\" data-element_type=\"widget\" data-widget_type=\"text-editor.default\">\n\t\t\t\t<div class=\"elementor-widget-container\">\n\t\t\t\t\t\t\t<p>Valores basados en el compromiso por el trabajo bien hecho, en la satisfacci\u00f3n de nuestros clientes y en la responsabilidad con nuestro entorno.<\/p>\n\t\t\t\t\t\t<\/div>\n\t\t\t\t<\/div>\n\t\t\t\t<\/div>\n\t\t<div class=\"elementor-element elementor-element-ecae736 e-con-full e-flex parallax_section_no qode_elementor_container_no e-con e-child\" data-id=\"ecae736\" data-element_type=\"container\">\n\t\t\t\t<div class=\"elementor-element elementor-element-366fd9c elementor-widget elementor-widget-text-editor\" data-id=\"366fd9c\" data-element_type=\"widget\" data-widget_type=\"text-editor.default\">\n\t\t\t\t<div class=\"elementor-widget-container\">\n\t\t\t\t\t\t\t<p>Resultados<\/p>\n\t\t\t\t\t\t<\/div>\n\t\t\t\t<\/div>\n\t\t\t\t<div class=\"elementor-element elementor-element-61c5ce7 elementor-widget elementor-widget-text-editor\" data-id=\"61c5ce7\" data-element_type=\"widget\" data-widget_type=\"text-editor.default\">\n\t\t\t\t<div class=\"elementor-widget-container\">\n\t\t\t\t\t\t\t<p>Con los a\u00f1os, hemos entregado 120 proyectos que suman m\u00e1s de 2.000 viviendas, entre casas y pisos.&nbsp;<\/p>\n\t\t\t\t\t\t<\/div>\n\t\t\t\t<\/div>\n\t\t\t\t<\/div>\n\t\t<div class=\"elementor-element elementor-element-e0725ad e-con-full e-flex parallax_section_no qode_elementor_container_no e-con e-child\" data-id=\"e0725ad\" data-element_type=\"container\">\n\t\t\t\t<div class=\"elementor-element elementor-element-35e6944 elementor-widget elementor-widget-text-editor\" data-id=\"35e6944\" data-element_type=\"widget\" data-widget_type=\"text-editor.default\">\n\t\t\t\t<div class=\"elementor-widget-container\">\n\t\t\t\t\t\t\t<p>Principios<\/p>\n\t\t\t\t\t\t<\/div>\n\t\t\t\t<\/div>\n\t\t\t\t<div class=\"elementor-element elementor-element-18b1670 elementor-widget elementor-widget-text-editor\" data-id=\"18b1670\" data-element_type=\"widget\" data-widget_type=\"text-editor.default\">\n\t\t\t\t<div class=\"elementor-widget-container\">\n\t\t\t\t\t\t\t<p>El servicio, la calidad y la integridad son los pilares en los que se basa nuestro ADN empresarial.<\/p>\n\t\t\t\t\t\t<\/div>\n\t\t\t\t<\/div>\n\t\t\t\t<\/div>\n\t\t\t\t<\/div>\n\t\t\t\t<\/div>\n\t\t\t\t<\/div>\n\t\t","protected":false},"excerpt":{"rendered":"<p>Ambar Inmobiliaria Escogemos siempre las mejores ubicaciones, d\u00f3nde a nosotros nos gustar\u00eda vivir Empresa constructura en Terrassa Ambar Inmobiliaria somos una empresa familiar con m\u00e1s de treinta y cinco a\u00f1os de experiencia en la promoci\u00f3n de inmuebles especialmente en la ciudad de Terrassa. Continuamos con&#8230;<\/p>\n","protected":false},"author":2,"featured_media":0,"parent":0,"menu_order":0,"comment_status":"closed","ping_status":"closed","template":"full_width.php","meta":{"_joinchat":[],"footnotes":""},"yoast_head":"<!-- This site is optimized with the Yoast SEO plugin v22.9 - https:\/\/yoast.com\/wordpress\/plugins\/seo\/ -->\n<title>Constructora en Terrassa &#8212; Ambar Grup Immobiliari<\/title>\n<meta name=\"description\" content=\"Ambar Inmobiliaria, empresa constructura en Terrassa. 35 a\u00f1os de experiencia en la promoci\u00f3n de pisos en las mejores ubicaciones.\" \/>\n<meta name=\"robots\" content=\"index, follow, max-snippet:-1, max-image-preview:large, max-video-preview:-1\" \/>\n<link rel=\"canonical\" href=\"https:\/\/ambarimmobiliaria.com\/ambar-immobiliaria\/\" \/>\n<meta property=\"og:locale\" content=\"es_ES\" \/>\n<meta property=\"og:type\" content=\"article\" \/>\n<meta property=\"og:title\" content=\"Constructora en Terrassa &#8212; Ambar Grup Immobiliari\" \/>\n<meta property=\"og:description\" content=\"Ambar Inmobiliaria, empresa constructura en Terrassa. 35 a\u00f1os de experiencia en la promoci\u00f3n de pisos en las mejores ubicaciones.\" \/>\n<meta property=\"og:url\" content=\"https:\/\/ambarimmobiliaria.com\/ambar-immobiliaria\/\" \/>\n<meta property=\"og:site_name\" content=\"Ambar Grup Immobiliari\" \/>\n<meta property=\"article:modified_time\" content=\"2025-04-16T10:23:53+00:00\" \/>\n<meta property=\"og:image\" content=\"https:\/\/ambarimmobiliaria.com\/wp-content\/uploads\/2024\/05\/ambar-immobiliaria-obra-nova-terrassa.jpg\" \/>\n<meta name=\"twitter:card\" content=\"summary_large_image\" \/>\n<meta name=\"twitter:label1\" content=\"Tiempo de lectura\" \/>\n\t<meta name=\"twitter:data1\" content=\"2 minutos\" \/>\n<script type=\"application\/ld+json\" class=\"yoast-schema-graph\">{\"@context\":\"https:\/\/schema.org\",\"@graph\":[{\"@type\":\"WebPage\",\"@id\":\"https:\/\/ambarimmobiliaria.com\/es\/ambar-inmobiliaria\/\",\"url\":\"https:\/\/ambarimmobiliaria.com\/ambar-immobiliaria\/\",\"name\":\"Constructora en Terrassa &#8212; Ambar Grup Immobiliari\",\"isPartOf\":{\"@id\":\"https:\/\/ambarimmobiliaria.com\/#website\"},\"primaryImageOfPage\":{\"@id\":\"https:\/\/ambarimmobiliaria.com\/ambar-immobiliaria\/#primaryimage\"},\"image\":{\"@id\":\"https:\/\/ambarimmobiliaria.com\/ambar-immobiliaria\/#primaryimage\"},\"thumbnailUrl\":\"https:\/\/ambarimmobiliaria.com\/wp-content\/uploads\/2024\/05\/ambar-immobiliaria-obra-nova-terrassa.jpg\",\"datePublished\":\"2024-05-02T08:32:01+00:00\",\"dateModified\":\"2025-04-16T10:23:53+00:00\",\"description\":\"Ambar Inmobiliaria, empresa constructura en Terrassa. 35 a\u00f1os de experiencia en la promoci\u00f3n de pisos en las mejores ubicaciones.\",\"breadcrumb\":{\"@id\":\"https:\/\/ambarimmobiliaria.com\/ambar-immobiliaria\/#breadcrumb\"},\"inLanguage\":\"es\",\"potentialAction\":[{\"@type\":\"ReadAction\",\"target\":[\"https:\/\/ambarimmobiliaria.com\/ambar-immobiliaria\/\"]}]},{\"@type\":\"ImageObject\",\"inLanguage\":\"es\",\"@id\":\"https:\/\/ambarimmobiliaria.com\/ambar-immobiliaria\/#primaryimage\",\"url\":\"https:\/\/ambarimmobiliaria.com\/wp-content\/uploads\/2024\/05\/ambar-immobiliaria-obra-nova-terrassa.jpg\",\"contentUrl\":\"https:\/\/ambarimmobiliaria.com\/wp-content\/uploads\/2024\/05\/ambar-immobiliaria-obra-nova-terrassa.jpg\"},{\"@type\":\"BreadcrumbList\",\"@id\":\"https:\/\/ambarimmobiliaria.com\/ambar-immobiliaria\/#breadcrumb\",\"itemListElement\":[{\"@type\":\"ListItem\",\"position\":1,\"name\":\"Inici\",\"item\":\"https:\/\/ambarimmobiliaria.com\/es\/\"},{\"@type\":\"ListItem\",\"position\":2,\"name\":\"Ambar Inmobiliaria\"}]},{\"@type\":\"WebSite\",\"@id\":\"https:\/\/ambarimmobiliaria.com\/#website\",\"url\":\"https:\/\/ambarimmobiliaria.com\/\",\"name\":\"Ambar Grup Immobiliari\",\"description\":\"\",\"publisher\":{\"@id\":\"https:\/\/ambarimmobiliaria.com\/#organization\"},\"potentialAction\":[{\"@type\":\"SearchAction\",\"target\":{\"@type\":\"EntryPoint\",\"urlTemplate\":\"https:\/\/ambarimmobiliaria.com\/?s={search_term_string}\"},\"query-input\":\"required name=search_term_string\"}],\"inLanguage\":\"es\"},{\"@type\":\"Organization\",\"@id\":\"https:\/\/ambarimmobiliaria.com\/#organization\",\"name\":\"Ambar Grup Immobiliari\",\"url\":\"https:\/\/ambarimmobiliaria.com\/\",\"logo\":{\"@type\":\"ImageObject\",\"inLanguage\":\"es\",\"@id\":\"https:\/\/ambarimmobiliaria.com\/#\/schema\/logo\/image\/\",\"url\":\"https:\/\/ambarimmobiliaria.com\/wp-content\/uploads\/2024\/04\/logo-ambar-immobiliaria-1.png\",\"contentUrl\":\"https:\/\/ambarimmobiliaria.com\/wp-content\/uploads\/2024\/04\/logo-ambar-immobiliaria-1.png\",\"width\":366,\"height\":128,\"caption\":\"Ambar Grup Immobiliari\"},\"image\":{\"@id\":\"https:\/\/ambarimmobiliaria.com\/#\/schema\/logo\/image\/\"}}]}<\/script>\n<!-- \/ Yoast SEO plugin. -->","yoast_head_json":{"title":"Constructora en Terrassa &#8212; Ambar Grup Immobiliari","description":"Ambar Inmobiliaria, empresa constructura en Terrassa. 35 a\u00f1os de experiencia en la promoci\u00f3n de pisos en las mejores ubicaciones.","robots":{"index":"index","follow":"follow","max-snippet":"max-snippet:-1","max-image-preview":"max-image-preview:large","max-video-preview":"max-video-preview:-1"},"canonical":"https:\/\/ambarimmobiliaria.com\/ambar-immobiliaria\/","og_locale":"es_ES","og_type":"article","og_title":"Constructora en Terrassa &#8212; Ambar Grup Immobiliari","og_description":"Ambar Inmobiliaria, empresa constructura en Terrassa. 35 a\u00f1os de experiencia en la promoci\u00f3n de pisos en las mejores ubicaciones.","og_url":"https:\/\/ambarimmobiliaria.com\/ambar-immobiliaria\/","og_site_name":"Ambar Grup Immobiliari","article_modified_time":"2025-04-16T10:23:53+00:00","og_image":[{"url":"https:\/\/ambarimmobiliaria.com\/wp-content\/uploads\/2024\/05\/ambar-immobiliaria-obra-nova-terrassa.jpg"}],"twitter_card":"summary_large_image","twitter_misc":{"Tiempo de lectura":"2 minutos"},"schema":{"@context":"https:\/\/schema.org","@graph":[{"@type":"WebPage","@id":"https:\/\/ambarimmobiliaria.com\/es\/ambar-inmobiliaria\/","url":"https:\/\/ambarimmobiliaria.com\/ambar-immobiliaria\/","name":"Constructora en Terrassa &#8212; Ambar Grup Immobiliari","isPartOf":{"@id":"https:\/\/ambarimmobiliaria.com\/#website"},"primaryImageOfPage":{"@id":"https:\/\/ambarimmobiliaria.com\/ambar-immobiliaria\/#primaryimage"},"image":{"@id":"https:\/\/ambarimmobiliaria.com\/ambar-immobiliaria\/#primaryimage"},"thumbnailUrl":"https:\/\/ambarimmobiliaria.com\/wp-content\/uploads\/2024\/05\/ambar-immobiliaria-obra-nova-terrassa.jpg","datePublished":"2024-05-02T08:32:01+00:00","dateModified":"2025-04-16T10:23:53+00:00","description":"Ambar Inmobiliaria, empresa constructura en Terrassa. 35 a\u00f1os de experiencia en la promoci\u00f3n de pisos en las mejores ubicaciones.","breadcrumb":{"@id":"https:\/\/ambarimmobiliaria.com\/ambar-immobiliaria\/#breadcrumb"},"inLanguage":"es","potentialAction":[{"@type":"ReadAction","target":["https:\/\/ambarimmobiliaria.com\/ambar-immobiliaria\/"]}]},{"@type":"ImageObject","inLanguage":"es","@id":"https:\/\/ambarimmobiliaria.com\/ambar-immobiliaria\/#primaryimage","url":"https:\/\/ambarimmobiliaria.com\/wp-content\/uploads\/2024\/05\/ambar-immobiliaria-obra-nova-terrassa.jpg","contentUrl":"https:\/\/ambarimmobiliaria.com\/wp-content\/uploads\/2024\/05\/ambar-immobiliaria-obra-nova-terrassa.jpg"},{"@type":"BreadcrumbList","@id":"https:\/\/ambarimmobiliaria.com\/ambar-immobiliaria\/#breadcrumb","itemListElement":[{"@type":"ListItem","position":1,"name":"Inici","item":"https:\/\/ambarimmobiliaria.com\/es\/"},{"@type":"ListItem","position":2,"name":"Ambar Inmobiliaria"}]},{"@type":"WebSite","@id":"https:\/\/ambarimmobiliaria.com\/#website","url":"https:\/\/ambarimmobiliaria.com\/","name":"Ambar Grup Immobiliari","description":"","publisher":{"@id":"https:\/\/ambarimmobiliaria.com\/#organization"},"potentialAction":[{"@type":"SearchAction","target":{"@type":"EntryPoint","urlTemplate":"https:\/\/ambarimmobiliaria.com\/?s={search_term_string}"},"query-input":"required name=search_term_string"}],"inLanguage":"es"},{"@type":"Organization","@id":"https:\/\/ambarimmobiliaria.com\/#organization","name":"Ambar Grup Immobiliari","url":"https:\/\/ambarimmobiliaria.com\/","logo":{"@type":"ImageObject","inLanguage":"es","@id":"https:\/\/ambarimmobiliaria.com\/#\/schema\/logo\/image\/","url":"https:\/\/ambarimmobiliaria.com\/wp-content\/uploads\/2024\/04\/logo-ambar-immobiliaria-1.png","contentUrl":"https:\/\/ambarimmobiliaria.com\/wp-content\/uploads\/2024\/04\/logo-ambar-immobiliaria-1.png","width":366,"height":128,"caption":"Ambar Grup Immobiliari"},"image":{"@id":"https:\/\/ambarimmobiliaria.com\/#\/schema\/logo\/image\/"}}]}},"_links":{"self":[{"href":"https:\/\/ambarimmobiliaria.com\/es\/wp-json\/wp\/v2\/pages\/12354"}],"collection":[{"href":"https:\/\/ambarimmobiliaria.com\/es\/wp-json\/wp\/v2\/pages"}],"about":[{"href":"https:\/\/ambarimmobiliaria.com\/es\/wp-json\/wp\/v2\/types\/page"}],"author":[{"embeddable":true,"href":"https:\/\/ambarimmobiliaria.com\/es\/wp-json\/wp\/v2\/users\/2"}],"replies":[{"embeddable":true,"href":"https:\/\/ambarimmobiliaria.com\/es\/wp-json\/wp\/v2\/comments?post=12354"}],"version-history":[{"count":5,"href":"https:\/\/ambarimmobiliaria.com\/es\/wp-json\/wp\/v2\/pages\/12354\/revisions"}],"predecessor-version":[{"id":13737,"href":"https:\/\/ambarimmobiliaria.com\/es\/wp-json\/wp\/v2\/pages\/12354\/revisions\/13737"}],"wp:attachment":[{"href":"https:\/\/ambarimmobiliaria.com\/es\/wp-json\/wp\/v2\/media?parent=12354"}],"curies":[{"name":"wp","href":"https:\/\/api.w.org\/{rel}","templated":true}]}}