{"id":12356,"date":"2024-05-30T15:25:55","date_gmt":"2024-05-30T13:25:55","guid":{"rendered":"https:\/\/ambar.publitesa.es\/servicio-posventa\/"},"modified":"2025-04-16T12:24:04","modified_gmt":"2025-04-16T10:24:04","slug":"servicio-posventa","status":"publish","type":"page","link":"https:\/\/ambarimmobiliaria.com\/es\/servicio-posventa\/","title":{"rendered":"Servicio posventa"},"content":{"rendered":"\t\t<div data-elementor-type=\"wp-page\" data-elementor-id=\"12356\" class=\"elementor elementor-12356 elementor-11108\" data-elementor-post-type=\"page\">\n\t\t\t\t<div class=\"elementor-element elementor-element-710c44c e-con-full parallax_section_holder e-flex qode_elementor_container_no e-con e-parent\" data-id=\"710c44c\" data-element_type=\"container\" data-settings=\"{&quot;background_background&quot;:&quot;classic&quot;,&quot;qode_parallax_image&quot;:{&quot;url&quot;:&quot;&quot;,&quot;id&quot;:&quot;&quot;,&quot;size&quot;:&quot;&quot;,&quot;alt&quot;:&quot;j&quot;,&quot;source&quot;:&quot;library&quot;}}\">\n\t\t<div class=\"elementor-element elementor-element-1cf2b73 e-con-full e-flex parallax_section_no qode_elementor_container_no e-con e-child\" data-id=\"1cf2b73\" data-element_type=\"container\">\n\t\t\t\t<div class=\"elementor-element elementor-element-a3bdcd5 elementor-widget elementor-widget-heading\" data-id=\"a3bdcd5\" data-element_type=\"widget\" data-widget_type=\"heading.default\">\n\t\t\t\t<div class=\"elementor-widget-container\">\n\t\t\t<style>\/*! elementor - v3.22.0 - 17-06-2024 *\/\n.elementor-heading-title{padding:0;margin:0;line-height:1}.elementor-widget-heading .elementor-heading-title[class*=elementor-size-]>a{color:inherit;font-size:inherit;line-height:inherit}.elementor-widget-heading .elementor-heading-title.elementor-size-small{font-size:15px}.elementor-widget-heading .elementor-heading-title.elementor-size-medium{font-size:19px}.elementor-widget-heading .elementor-heading-title.elementor-size-large{font-size:29px}.elementor-widget-heading .elementor-heading-title.elementor-size-xl{font-size:39px}.elementor-widget-heading .elementor-heading-title.elementor-size-xxl{font-size:59px}<\/style><h2 class=\"elementor-heading-title elementor-size-default\">Servicio posventa<\/h2>\t\t<\/div>\n\t\t\t\t<\/div>\n\t\t\t\t<\/div>\n\t\t\t\t<\/div>\n\t\t<div class=\"elementor-element elementor-element-6b96e98 e-con-full parallax_section_holder e-flex qode_elementor_container_no e-con e-parent\" data-id=\"6b96e98\" data-element_type=\"container\" data-settings=\"{&quot;background_background&quot;:&quot;classic&quot;,&quot;qode_parallax_image&quot;:{&quot;url&quot;:&quot;&quot;,&quot;id&quot;:&quot;&quot;,&quot;size&quot;:&quot;&quot;,&quot;alt&quot;:&quot;j&quot;,&quot;source&quot;:&quot;library&quot;}}\">\n\t\t<div class=\"elementor-element elementor-element-e9d59e1 e-con-full e-flex parallax_section_no qode_elementor_container_no e-con e-child\" data-id=\"e9d59e1\" data-element_type=\"container\">\n\t\t\t\t<div class=\"elementor-element elementor-element-8342080 elementor-widget elementor-widget-image\" data-id=\"8342080\" data-element_type=\"widget\" data-widget_type=\"image.default\">\n\t\t\t\t<div class=\"elementor-widget-container\">\n\t\t\t<style>\/*! elementor - v3.22.0 - 17-06-2024 *\/\n.elementor-widget-image{text-align:center}.elementor-widget-image a{display:inline-block}.elementor-widget-image a img[src$=\".svg\"]{width:48px}.elementor-widget-image img{vertical-align:middle;display:inline-block}<\/style>\t\t\t\t\t\t\t\t\t\t<img fetchpriority=\"high\" decoding=\"async\" width=\"2048\" height=\"536\" src=\"https:\/\/ambarimmobiliaria.com\/wp-content\/uploads\/2024\/05\/servei-postvenda-ambar-immobiliaria.jpg\" class=\"attachment-2048x2048 size-2048x2048 wp-image-11301\" alt=\"Servei Postvenda Ambar\" srcset=\"https:\/\/ambarimmobiliaria.com\/wp-content\/uploads\/2024\/05\/servei-postvenda-ambar-immobiliaria.jpg 2048w, https:\/\/ambarimmobiliaria.com\/wp-content\/uploads\/2024\/05\/servei-postvenda-ambar-immobiliaria-300x79.jpg 300w, https:\/\/ambarimmobiliaria.com\/wp-content\/uploads\/2024\/05\/servei-postvenda-ambar-immobiliaria-1024x268.jpg 1024w, https:\/\/ambarimmobiliaria.com\/wp-content\/uploads\/2024\/05\/servei-postvenda-ambar-immobiliaria-768x201.jpg 768w, https:\/\/ambarimmobiliaria.com\/wp-content\/uploads\/2024\/05\/servei-postvenda-ambar-immobiliaria-1536x402.jpg 1536w, https:\/\/ambarimmobiliaria.com\/wp-content\/uploads\/2024\/05\/servei-postvenda-ambar-immobiliaria-700x183.jpg 700w\" sizes=\"(max-width: 2048px) 100vw, 2048px\" \/>\t\t\t\t\t\t\t\t\t\t\t\t\t<\/div>\n\t\t\t\t<\/div>\n\t\t\t\t<\/div>\n\t\t\t\t<\/div>\n\t\t<div class=\"elementor-element elementor-element-e78873d e-flex e-con-boxed parallax_section_no qode_elementor_container_no e-con e-parent\" data-id=\"e78873d\" data-element_type=\"container\">\n\t\t\t\t\t<div class=\"e-con-inner\">\n\t\t<div class=\"elementor-element elementor-element-4c37a30 e-con-full e-flex parallax_section_no qode_elementor_container_no e-con e-child\" data-id=\"4c37a30\" data-element_type=\"container\">\n\t\t\t\t<div class=\"elementor-element elementor-element-ffb157b h1pg elementor-widget elementor-widget-text-editor\" data-id=\"ffb157b\" data-element_type=\"widget\" data-widget_type=\"text-editor.default\">\n\t\t\t\t<div class=\"elementor-widget-container\">\n\t\t\t<style>\/*! elementor - v3.22.0 - 17-06-2024 *\/\n.elementor-widget-text-editor.elementor-drop-cap-view-stacked .elementor-drop-cap{background-color:#69727d;color:#fff}.elementor-widget-text-editor.elementor-drop-cap-view-framed .elementor-drop-cap{color:#69727d;border:3px solid;background-color:transparent}.elementor-widget-text-editor:not(.elementor-drop-cap-view-default) .elementor-drop-cap{margin-top:8px}.elementor-widget-text-editor:not(.elementor-drop-cap-view-default) .elementor-drop-cap-letter{width:1em;height:1em}.elementor-widget-text-editor .elementor-drop-cap{float:left;text-align:center;line-height:1;font-size:50px}.elementor-widget-text-editor .elementor-drop-cap-letter{display:inline-block}<\/style>\t\t\t\t<h1>La confianza es nuestro valor a\u00f1adido<\/h1>\n\t\t\t\t\t\t<\/div>\n\t\t\t\t<\/div>\n\t\t\t\t<\/div>\n\t\t\t\t\t<\/div>\n\t\t\t\t<\/div>\n\t\t<div class=\"elementor-element elementor-element-c9a654d e-flex e-con-boxed parallax_section_no qode_elementor_container_no e-con e-parent\" data-id=\"c9a654d\" data-element_type=\"container\">\n\t\t\t\t\t<div class=\"e-con-inner\">\n\t\t<div class=\"elementor-element elementor-element-381d939 e-con-full e-flex parallax_section_no qode_elementor_container_no e-con e-child\" data-id=\"381d939\" data-element_type=\"container\">\n\t\t\t\t<div class=\"elementor-element elementor-element-970e569 h2pg elementor-widget elementor-widget-text-editor\" data-id=\"970e569\" data-element_type=\"widget\" data-widget_type=\"text-editor.default\">\n\t\t\t\t<div class=\"elementor-widget-container\">\n\t\t\t\t\t\t\t<h2>Experiencia y solidez<\/h2>\n\t\t\t\t\t\t<\/div>\n\t\t\t\t<\/div>\n\t\t\t\t<div class=\"elementor-element elementor-element-31ec6cd elementor-widget elementor-widget-text-editor\" data-id=\"31ec6cd\" data-element_type=\"widget\" data-widget_type=\"text-editor.default\">\n\t\t\t\t<div class=\"elementor-widget-container\">\n\t\t\t\t\t\t\t<p>Con m\u00e1s de treinta y cinco a\u00f1os de experiencia en el sector inmobiliario y m\u00e1s de 2.000 viviendas entregadas, AMBAR Inmobiliaria se ha consolidado como una de las marcas del sector m\u00e1s prestigiosas en Terrassa. Esta trayectoria nos ha permitido entender profundamente las necesidades reales de nuestros clientes y posicionarnos como un referente de confianza y excelencia en el sector inmobiliario.<\/p>\n\t\t\t\t\t\t<\/div>\n\t\t\t\t<\/div>\n\t\t\t\t<\/div>\n\t\t<div class=\"elementor-element elementor-element-79e6edb e-con-full e-flex parallax_section_no qode_elementor_container_no e-con e-child\" data-id=\"79e6edb\" data-element_type=\"container\">\n\t\t\t\t<div class=\"elementor-element elementor-element-0e67e3a h2pg elementor-widget elementor-widget-text-editor\" data-id=\"0e67e3a\" data-element_type=\"widget\" data-widget_type=\"text-editor.default\">\n\t\t\t\t<div class=\"elementor-widget-container\">\n\t\t\t\t\t\t\t<h2>Compromiso continuo<\/h2>\n\t\t\t\t\t\t<\/div>\n\t\t\t\t<\/div>\n\t\t\t\t<div class=\"elementor-element elementor-element-b107798 elementor-widget elementor-widget-text-editor\" data-id=\"b107798\" data-element_type=\"widget\" data-widget_type=\"text-editor.default\">\n\t\t\t\t<div class=\"elementor-widget-container\">\n\t\t\t\t\t\t\t<p>Nuestro compromiso con los clientes no finaliza con la entrega de las llaves de su nuevo hogar. En AMBAR Inmobiliaria, nos tomamos muy en serio la satisfacci\u00f3n de nuestros clientes y, por esta raz\u00f3n, ofrecemos un completo servicio de posventa para garantizar que su experiencia sea excelente desde el primer d\u00eda y durante muchos a\u00f1os.<\/p>\n\t\t\t\t\t\t<\/div>\n\t\t\t\t<\/div>\n\t\t\t\t<\/div>\n\t\t<div class=\"elementor-element elementor-element-315513b e-con-full e-flex parallax_section_no qode_elementor_container_no e-con e-child\" data-id=\"315513b\" data-element_type=\"container\">\n\t\t\t\t<div class=\"elementor-element elementor-element-06a4833 h2pg elementor-widget elementor-widget-text-editor\" data-id=\"06a4833\" data-element_type=\"widget\" data-widget_type=\"text-editor.default\">\n\t\t\t\t<div class=\"elementor-widget-container\">\n\t\t\t\t\t\t\t<h2>Servicio posventa<\/h2>\n\t\t\t\t\t\t<\/div>\n\t\t\t\t<\/div>\n\t\t\t\t<div class=\"elementor-element elementor-element-1dfcda7 elementor-widget elementor-widget-text-editor\" data-id=\"1dfcda7\" data-element_type=\"widget\" data-widget_type=\"text-editor.default\">\n\t\t\t\t<div class=\"elementor-widget-container\">\n\t\t\t\t\t\t\t<p>Nuestros clientes pueden tener la seguridad de que estamos a su lado, dispuestos a ayudarlos en cualquier momento. El servicio de posventa que ofrecemos es una demostraci\u00f3n de nuestro compromiso y profesionalidad. Conocedores de que pueden surgir peque\u00f1as incidencias una vez los clientes ya est\u00e1n en sus viviendas, estamos aqu\u00ed para gestionarlas y resolverlas con la m\u00e1xima eficacia y rapidez. <\/p>\n\t\t\t\t\t\t<\/div>\n\t\t\t\t<\/div>\n\t\t\t\t<\/div>\n\t\t\t\t\t<\/div>\n\t\t\t\t<\/div>\n\t\t<div class=\"elementor-element elementor-element-c475b84 e-flex e-con-boxed parallax_section_no qode_elementor_container_no e-con e-parent\" data-id=\"c475b84\" data-element_type=\"container\">\n\t\t\t\t\t<div class=\"e-con-inner\">\n\t\t<div class=\"elementor-element elementor-element-191489f e-con-full e-flex parallax_section_no qode_elementor_container_no e-con e-child\" data-id=\"191489f\" data-element_type=\"container\">\n\t\t\t\t<div class=\"elementor-element elementor-element-c169f23 h2pg elementor-widget elementor-widget-text-editor\" data-id=\"c169f23\" data-element_type=\"widget\" data-widget_type=\"text-editor.default\">\n\t\t\t\t<div class=\"elementor-widget-container\">\n\t\t\t\t\t\t\t<h2>Confianza y calidad<\/h2>\n\t\t\t\t\t\t<\/div>\n\t\t\t\t<\/div>\n\t\t\t\t<div class=\"elementor-element elementor-element-78752d4 elementor-widget elementor-widget-text-editor\" data-id=\"78752d4\" data-element_type=\"widget\" data-widget_type=\"text-editor.default\">\n\t\t\t\t<div class=\"elementor-widget-container\">\n\t\t\t\t\t\t\t<p>Nos basamos en valores de compromiso, confianza y calidad. Por ello, nos aseguramos de que cada vivienda est\u00e9 construida con el m\u00e1ximo cuidado y atenci\u00f3n a los detalles, trabajando con los mejores profesionales y con materiales de primeras marcas. Esto conlleva, que tengamos la tranquilidad de poder encontrar soluciones para cualquier incidencia que pueda surgir.<\/p>\n\t\t\t\t\t\t<\/div>\n\t\t\t\t<\/div>\n\t\t\t\t<\/div>\n\t\t<div class=\"elementor-element elementor-element-4c358be e-con-full e-flex parallax_section_no qode_elementor_container_no e-con e-child\" data-id=\"4c358be\" data-element_type=\"container\">\n\t\t\t\t<div class=\"elementor-element elementor-element-a02c592 h2pg elementor-widget elementor-widget-text-editor\" data-id=\"a02c592\" data-element_type=\"widget\" data-widget_type=\"text-editor.default\">\n\t\t\t\t<div class=\"elementor-widget-container\">\n\t\t\t\t\t\t\t<h2>Satisfacci\u00f3n del cliente<\/h2>\n\t\t\t\t\t\t<\/div>\n\t\t\t\t<\/div>\n\t\t\t\t<div class=\"elementor-element elementor-element-1e093be elementor-widget elementor-widget-text-editor\" data-id=\"1e093be\" data-element_type=\"widget\" data-widget_type=\"text-editor.default\">\n\t\t\t\t<div class=\"elementor-widget-container\">\n\t\t\t\t\t\t\t<p>Para AMBAR Inmobiliaria, la satisfacci\u00f3n de los clientes es primordial. Nos preocupamos por el bienestar de las personas de nuestras viviendas, poniendo a su disposici\u00f3n nuestro equipo para asesorarles y ayudarles en todo lo que necesiten. . Nuestro objetivo es garantizar que nuestros clientes no solo disfruten de su nuevo hogar, sino que tambi\u00e9n tengan la confianza de saber que siempre pueden contar con nosotros.<\/p>\n\t\t\t\t\t\t<\/div>\n\t\t\t\t<\/div>\n\t\t\t\t<\/div>\n\t\t<div class=\"elementor-element elementor-element-89c2566 e-con-full e-flex parallax_section_no qode_elementor_container_no e-con e-child\" data-id=\"89c2566\" data-element_type=\"container\">\n\t\t\t\t<div class=\"elementor-element elementor-element-0c960b3 h2pg elementor-widget elementor-widget-text-editor\" data-id=\"0c960b3\" data-element_type=\"widget\" data-widget_type=\"text-editor.default\">\n\t\t\t\t<div class=\"elementor-widget-container\">\n\t\t\t\t\t\t\t<h2>Una marca consolidada<\/h2>\n\t\t\t\t\t\t<\/div>\n\t\t\t\t<\/div>\n\t\t\t\t<div class=\"elementor-element elementor-element-a380644 elementor-widget elementor-widget-text-editor\" data-id=\"a380644\" data-element_type=\"widget\" data-widget_type=\"text-editor.default\">\n\t\t\t\t<div class=\"elementor-widget-container\">\n\t\t\t\t\t\t\t<p>Nuestra experiencia de m\u00e1s de tres d\u00e9cadas ha hecho que muchos de nuestros clientes repitan compra, e incluso lo hagan sus hijos. Nuestro eslogan, &#8220;Construimos Calidad&#8221;, es una promesa real que llevamos demostrando a lo largo de m\u00e1s de treinta y cinco a\u00f1os trabajando en el sector y que convierte a Ambar Inmobiliaria en una marca de referencia en el mercado inmobiliario de Terrassa.<\/p>\n\t\t\t\t\t\t<\/div>\n\t\t\t\t<\/div>\n\t\t\t\t<\/div>\n\t\t\t\t\t<\/div>\n\t\t\t\t<\/div>\n\t\t\t\t<\/div>\n\t\t","protected":false},"excerpt":{"rendered":"<p>Servicio posventa La confianza es nuestro valor a\u00f1adido Experiencia y solidez Con m\u00e1s de treinta y cinco a\u00f1os de experiencia en el sector inmobiliario y m\u00e1s de 2.000 viviendas entregadas, AMBAR Inmobiliaria se ha consolidado como una de las marcas del sector m\u00e1s prestigiosas en&#8230;<\/p>\n","protected":false},"author":2,"featured_media":0,"parent":0,"menu_order":0,"comment_status":"closed","ping_status":"closed","template":"full_width.php","meta":{"_joinchat":[],"footnotes":""},"yoast_head":"<!-- This site is optimized with the Yoast SEO plugin v22.9 - https:\/\/yoast.com\/wordpress\/plugins\/seo\/ -->\n<title>Servicio posventa &#8212; Ambar Grup Immobiliari<\/title>\n<meta name=\"description\" content=\"Nuestra trayectoria nos ha permitido entender las necesidades reales de nuestros clientes y posicionarnos como referente de confianza y excelencia en el sector inmobiliario.\" \/>\n<meta name=\"robots\" content=\"index, follow, max-snippet:-1, max-image-preview:large, max-video-preview:-1\" \/>\n<link rel=\"canonical\" href=\"https:\/\/ambarimmobiliaria.com\/es\/servicio-posventa\/\" \/>\n<meta property=\"og:locale\" content=\"es_ES\" \/>\n<meta property=\"og:type\" content=\"article\" \/>\n<meta property=\"og:title\" content=\"Servicio posventa &#8212; Ambar Grup Immobiliari\" \/>\n<meta property=\"og:description\" content=\"Nuestra trayectoria nos ha permitido entender las necesidades reales de nuestros clientes y posicionarnos como referente de confianza y excelencia en el sector inmobiliario.\" \/>\n<meta property=\"og:url\" content=\"https:\/\/ambarimmobiliaria.com\/es\/servicio-posventa\/\" \/>\n<meta property=\"og:site_name\" content=\"Ambar Grup Immobiliari\" \/>\n<meta property=\"article:modified_time\" content=\"2025-04-16T10:24:04+00:00\" \/>\n<meta property=\"og:image\" content=\"https:\/\/ambarimmobiliaria.com\/wp-content\/uploads\/2024\/05\/servei-postvenda-ambar-immobiliaria.jpg\" \/>\n<meta name=\"twitter:card\" content=\"summary_large_image\" \/>\n<meta name=\"twitter:label1\" content=\"Tiempo de lectura\" \/>\n\t<meta name=\"twitter:data1\" content=\"3 minutos\" \/>\n<script type=\"application\/ld+json\" class=\"yoast-schema-graph\">{\"@context\":\"https:\/\/schema.org\",\"@graph\":[{\"@type\":\"WebPage\",\"@id\":\"https:\/\/ambarimmobiliaria.com\/es\/servicio-posventa\/\",\"url\":\"https:\/\/ambarimmobiliaria.com\/es\/servicio-posventa\/\",\"name\":\"Servicio posventa &#8212; Ambar Grup Immobiliari\",\"isPartOf\":{\"@id\":\"https:\/\/ambarimmobiliaria.com\/#website\"},\"primaryImageOfPage\":{\"@id\":\"https:\/\/ambarimmobiliaria.com\/es\/servicio-posventa\/#primaryimage\"},\"image\":{\"@id\":\"https:\/\/ambarimmobiliaria.com\/es\/servicio-posventa\/#primaryimage\"},\"thumbnailUrl\":\"https:\/\/ambarimmobiliaria.com\/wp-content\/uploads\/2024\/05\/servei-postvenda-ambar-immobiliaria.jpg\",\"datePublished\":\"2024-05-30T13:25:55+00:00\",\"dateModified\":\"2025-04-16T10:24:04+00:00\",\"description\":\"Nuestra trayectoria nos ha permitido entender las necesidades reales de nuestros clientes y posicionarnos como referente de confianza y excelencia en el sector inmobiliario.\",\"breadcrumb\":{\"@id\":\"https:\/\/ambarimmobiliaria.com\/es\/servicio-posventa\/#breadcrumb\"},\"inLanguage\":\"es\",\"potentialAction\":[{\"@type\":\"ReadAction\",\"target\":[\"https:\/\/ambarimmobiliaria.com\/es\/servicio-posventa\/\"]}]},{\"@type\":\"ImageObject\",\"inLanguage\":\"es\",\"@id\":\"https:\/\/ambarimmobiliaria.com\/es\/servicio-posventa\/#primaryimage\",\"url\":\"https:\/\/ambarimmobiliaria.com\/wp-content\/uploads\/2024\/05\/servei-postvenda-ambar-immobiliaria.jpg\",\"contentUrl\":\"https:\/\/ambarimmobiliaria.com\/wp-content\/uploads\/2024\/05\/servei-postvenda-ambar-immobiliaria.jpg\"},{\"@type\":\"BreadcrumbList\",\"@id\":\"https:\/\/ambarimmobiliaria.com\/es\/servicio-posventa\/#breadcrumb\",\"itemListElement\":[{\"@type\":\"ListItem\",\"position\":1,\"name\":\"Inici\",\"item\":\"https:\/\/ambarimmobiliaria.com\/es\/\"},{\"@type\":\"ListItem\",\"position\":2,\"name\":\"Servicio posventa\"}]},{\"@type\":\"WebSite\",\"@id\":\"https:\/\/ambarimmobiliaria.com\/#website\",\"url\":\"https:\/\/ambarimmobiliaria.com\/\",\"name\":\"Ambar Grup Immobiliari\",\"description\":\"\",\"publisher\":{\"@id\":\"https:\/\/ambarimmobiliaria.com\/#organization\"},\"potentialAction\":[{\"@type\":\"SearchAction\",\"target\":{\"@type\":\"EntryPoint\",\"urlTemplate\":\"https:\/\/ambarimmobiliaria.com\/?s={search_term_string}\"},\"query-input\":\"required name=search_term_string\"}],\"inLanguage\":\"es\"},{\"@type\":\"Organization\",\"@id\":\"https:\/\/ambarimmobiliaria.com\/#organization\",\"name\":\"Ambar Grup Immobiliari\",\"url\":\"https:\/\/ambarimmobiliaria.com\/\",\"logo\":{\"@type\":\"ImageObject\",\"inLanguage\":\"es\",\"@id\":\"https:\/\/ambarimmobiliaria.com\/#\/schema\/logo\/image\/\",\"url\":\"https:\/\/ambarimmobiliaria.com\/wp-content\/uploads\/2024\/04\/logo-ambar-immobiliaria-1.png\",\"contentUrl\":\"https:\/\/ambarimmobiliaria.com\/wp-content\/uploads\/2024\/04\/logo-ambar-immobiliaria-1.png\",\"width\":366,\"height\":128,\"caption\":\"Ambar Grup Immobiliari\"},\"image\":{\"@id\":\"https:\/\/ambarimmobiliaria.com\/#\/schema\/logo\/image\/\"}}]}<\/script>\n<!-- \/ Yoast SEO plugin. -->","yoast_head_json":{"title":"Servicio posventa &#8212; Ambar Grup Immobiliari","description":"Nuestra trayectoria nos ha permitido entender las necesidades reales de nuestros clientes y posicionarnos como referente de confianza y excelencia en el sector inmobiliario.","robots":{"index":"index","follow":"follow","max-snippet":"max-snippet:-1","max-image-preview":"max-image-preview:large","max-video-preview":"max-video-preview:-1"},"canonical":"https:\/\/ambarimmobiliaria.com\/es\/servicio-posventa\/","og_locale":"es_ES","og_type":"article","og_title":"Servicio posventa &#8212; Ambar Grup Immobiliari","og_description":"Nuestra trayectoria nos ha permitido entender las necesidades reales de nuestros clientes y posicionarnos como referente de confianza y excelencia en el sector inmobiliario.","og_url":"https:\/\/ambarimmobiliaria.com\/es\/servicio-posventa\/","og_site_name":"Ambar Grup Immobiliari","article_modified_time":"2025-04-16T10:24:04+00:00","og_image":[{"url":"https:\/\/ambarimmobiliaria.com\/wp-content\/uploads\/2024\/05\/servei-postvenda-ambar-immobiliaria.jpg"}],"twitter_card":"summary_large_image","twitter_misc":{"Tiempo de lectura":"3 minutos"},"schema":{"@context":"https:\/\/schema.org","@graph":[{"@type":"WebPage","@id":"https:\/\/ambarimmobiliaria.com\/es\/servicio-posventa\/","url":"https:\/\/ambarimmobiliaria.com\/es\/servicio-posventa\/","name":"Servicio posventa &#8212; Ambar Grup Immobiliari","isPartOf":{"@id":"https:\/\/ambarimmobiliaria.com\/#website"},"primaryImageOfPage":{"@id":"https:\/\/ambarimmobiliaria.com\/es\/servicio-posventa\/#primaryimage"},"image":{"@id":"https:\/\/ambarimmobiliaria.com\/es\/servicio-posventa\/#primaryimage"},"thumbnailUrl":"https:\/\/ambarimmobiliaria.com\/wp-content\/uploads\/2024\/05\/servei-postvenda-ambar-immobiliaria.jpg","datePublished":"2024-05-30T13:25:55+00:00","dateModified":"2025-04-16T10:24:04+00:00","description":"Nuestra trayectoria nos ha permitido entender las necesidades reales de nuestros clientes y posicionarnos como referente de confianza y excelencia en el sector inmobiliario.","breadcrumb":{"@id":"https:\/\/ambarimmobiliaria.com\/es\/servicio-posventa\/#breadcrumb"},"inLanguage":"es","potentialAction":[{"@type":"ReadAction","target":["https:\/\/ambarimmobiliaria.com\/es\/servicio-posventa\/"]}]},{"@type":"ImageObject","inLanguage":"es","@id":"https:\/\/ambarimmobiliaria.com\/es\/servicio-posventa\/#primaryimage","url":"https:\/\/ambarimmobiliaria.com\/wp-content\/uploads\/2024\/05\/servei-postvenda-ambar-immobiliaria.jpg","contentUrl":"https:\/\/ambarimmobiliaria.com\/wp-content\/uploads\/2024\/05\/servei-postvenda-ambar-immobiliaria.jpg"},{"@type":"BreadcrumbList","@id":"https:\/\/ambarimmobiliaria.com\/es\/servicio-posventa\/#breadcrumb","itemListElement":[{"@type":"ListItem","position":1,"name":"Inici","item":"https:\/\/ambarimmobiliaria.com\/es\/"},{"@type":"ListItem","position":2,"name":"Servicio posventa"}]},{"@type":"WebSite","@id":"https:\/\/ambarimmobiliaria.com\/#website","url":"https:\/\/ambarimmobiliaria.com\/","name":"Ambar Grup Immobiliari","description":"","publisher":{"@id":"https:\/\/ambarimmobiliaria.com\/#organization"},"potentialAction":[{"@type":"SearchAction","target":{"@type":"EntryPoint","urlTemplate":"https:\/\/ambarimmobiliaria.com\/?s={search_term_string}"},"query-input":"required name=search_term_string"}],"inLanguage":"es"},{"@type":"Organization","@id":"https:\/\/ambarimmobiliaria.com\/#organization","name":"Ambar Grup Immobiliari","url":"https:\/\/ambarimmobiliaria.com\/","logo":{"@type":"ImageObject","inLanguage":"es","@id":"https:\/\/ambarimmobiliaria.com\/#\/schema\/logo\/image\/","url":"https:\/\/ambarimmobiliaria.com\/wp-content\/uploads\/2024\/04\/logo-ambar-immobiliaria-1.png","contentUrl":"https:\/\/ambarimmobiliaria.com\/wp-content\/uploads\/2024\/04\/logo-ambar-immobiliaria-1.png","width":366,"height":128,"caption":"Ambar Grup Immobiliari"},"image":{"@id":"https:\/\/ambarimmobiliaria.com\/#\/schema\/logo\/image\/"}}]}},"_links":{"self":[{"href":"https:\/\/ambarimmobiliaria.com\/es\/wp-json\/wp\/v2\/pages\/12356"}],"collection":[{"href":"https:\/\/ambarimmobiliaria.com\/es\/wp-json\/wp\/v2\/pages"}],"about":[{"href":"https:\/\/ambarimmobiliaria.com\/es\/wp-json\/wp\/v2\/types\/page"}],"author":[{"embeddable":true,"href":"https:\/\/ambarimmobiliaria.com\/es\/wp-json\/wp\/v2\/users\/2"}],"replies":[{"embeddable":true,"href":"https:\/\/ambarimmobiliaria.com\/es\/wp-json\/wp\/v2\/comments?post=12356"}],"version-history":[{"count":3,"href":"https:\/\/ambarimmobiliaria.com\/es\/wp-json\/wp\/v2\/pages\/12356\/revisions"}],"predecessor-version":[{"id":12601,"href":"https:\/\/ambarimmobiliaria.com\/es\/wp-json\/wp\/v2\/pages\/12356\/revisions\/12601"}],"wp:attachment":[{"href":"https:\/\/ambarimmobiliaria.com\/es\/wp-json\/wp\/v2\/media?parent=12356"}],"curies":[{"name":"wp","href":"https:\/\/api.w.org\/{rel}","templated":true}]}}